{"id":3083,"date":"2022-03-23T11:14:17","date_gmt":"2022-03-23T11:14:17","guid":{"rendered":"https:\/\/www.sbsteam.fi\/?page_id=3083"},"modified":"2022-03-23T12:17:45","modified_gmt":"2022-03-23T12:17:45","slug":"robotrivning","status":"publish","type":"page","link":"https:\/\/www.sbsteam.fi\/sv\/robotrivning\/","title":{"rendered":"Robotrivning"},"content":{"rendered":"<div  class=\"tatsu-rk-MMrnaWq tatsu-section  tatsu-bg-overlay   tatsu-clearfix\" data-title=\"\"  data-headerscheme=\"background--dark\"><div class='tatsu-section-pad clearfix' data-padding='{\"d\":\"36px 0px 90px 0px\"}' data-padding-top='36px'><div class=\"tatsu-row-wrap  tatsu-wrap tatsu-row-one-col tatsu-row-has-one-cols tatsu-medium-gutter tatsu-reg-cols  tatsu-clearfix tatsu-BkxzMrnTWc\" ><div  class=\"tatsu-row \" ><div  class=\"tatsu-column  tatsu-bg-overlay tatsu-one-col tatsu-column-image-none tatsu-column-effect-none  tatsu-SJzMShaW9\"  data-parallax-speed=\"0\" style=\"\"><div class=\"tatsu-column-inner \" ><div class=\"tatsu-column-pad-wrap\"><div class=\"tatsu-column-pad\" ><div  class=\"tatsu-module tatsu-text-block-wrap tatsu-BkD1LhTZ9  \"><div class=\"tatsu-text-inner tatsu-align-center  clearfix\" ><style>.tatsu-BkD1LhTZ9.tatsu-text-block-wrap .tatsu-text-inner{width: 100%;text-align: left;}.tatsu-BkD1LhTZ9.tatsu-text-block-wrap .tatsu-text-inner *{font-family : \"Roboto\",-apple-system,BlinkMacSystemFont,'Segoe UI',Roboto,Oxygen-Sans,Ubuntu,Cantarell,'Helvetica Neue',sans-serif;font-size : 50px;}<\/style>\n<p>RIVNINGSARBETEN<\/p>\n<\/div><\/div><div  class=\"tatsu-single-image tatsu-module tatsu-image-lazyload tatsu-rJm8H2pW5  \" ><div class=\"tatsu-single-image-inner \" style=\"width : 1600px;\" ><div class = \"tatsu-single-image-padding-wrap\" style = \"padding-bottom : 45.5625%;\" ><\/div><img class = \"tatsu-gradient-border\" alt = \"\" title = \"Brokk 180 i montto\" data-src = \"https:\/\/www.sbsteam.fi\/wp-content\/uploads\/2020\/11\/Brokk-180-i-montto.jpeg\" src =\"data:image\/png;base64,iVBORw0KGgoAAAANSUhEUgAAAAEAAAABCAQAAAC1HAwCAAAAC0lEQVR42mNkYAAAAAYAAjCB0C8AAAAASUVORK5CYII=\"  \/><\/div><style>.tatsu-rJm8H2pW5 .tatsu-single-image-inner{border-style: solid;max-width: 100%;}.tatsu-rJm8H2pW5.tatsu-single-image{transform: translate3d(0px,0px, 0);}<\/style><\/div><\/div><\/div><div class = \"tatsu-column-bg-image-wrap\"><div class = \"tatsu-column-bg-image\" ><\/div><\/div><div class=\"tatsu-overlay tatsu-column-overlay tatsu-animate-none\" ><\/div><\/div><style>.tatsu-row > .tatsu-SJzMShaW9.tatsu-column{width: 100%;}.tatsu-SJzMShaW9.tatsu-column > .tatsu-column-inner > .tatsu-column-overlay{mix-blend-mode: normal;}.tatsu-SJzMShaW9 > .tatsu-column-inner > .tatsu-top-divider{z-index: 9999;}.tatsu-SJzMShaW9 > .tatsu-column-inner > .tatsu-bottom-divider{z-index: 9999;}.tatsu-SJzMShaW9 > .tatsu-column-inner > .tatsu-left-divider{z-index: 9999;}.tatsu-SJzMShaW9 > .tatsu-column-inner > .tatsu-right-divider{z-index: 9999;}@media only screen and (max-width:1377px) {.tatsu-row > .tatsu-SJzMShaW9.tatsu-column{width: 100%;}}@media only screen and (min-width:768px) and (max-width: 1024px) {.tatsu-row > .tatsu-SJzMShaW9.tatsu-column{width: 100%;}}@media only screen and (max-width: 767px) {.tatsu-row > .tatsu-SJzMShaW9.tatsu-column{width: 100%;}}<\/style><\/div><\/div><\/div><div class=\"tatsu-row-wrap  tatsu-wrap tatsu-row-has-one-half tatsu-row-has-two-cols tatsu-medium-gutter tatsu-reg-cols  tatsu-clearfix tatsu-ByxkvUhaZ9\" ><div  class=\"tatsu-row \" ><div  class=\"tatsu-column  tatsu-bg-overlay tatsu-one-half tatsu-column-image-none tatsu-column-effect-none  tatsu-SyOPI2Tbq\"  data-parallax-speed=\"0\" style=\"\"><div class=\"tatsu-column-inner \" ><div class=\"tatsu-column-pad-wrap\"><div class=\"tatsu-column-pad\" ><div  class=\"tatsu-module tatsu-text-block-wrap tatsu-SJUtLhaZ9  \"><div class=\"tatsu-text-inner tatsu-align-center  clearfix\" ><style>.tatsu-SJUtLhaZ9.tatsu-text-block-wrap .tatsu-text-inner{width: 100%;text-align: left;}.tatsu-SJUtLhaZ9.tatsu-text-block-wrap .tatsu-text-inner *{font-family : \"Roboto\",-apple-system,BlinkMacSystemFont,'Segoe UI',Roboto,Oxygen-Sans,Ubuntu,Cantarell,'Helvetica Neue',sans-serif;text-transform : none;}<\/style>\n<h3>Best\u00e4llningar: +35840 6573320<\/h3>\n<h3><\/h3>\n<h3>Rivningsrobot BROKK 180 och BROKK 110<\/h3>\n<p>Vi har numera tv\u00e5 rivningsrobotar i bruk. Med dessa st\u00e4rker vi ytterligare v\u00e5r st\u00e4llning inom branschen.\u00a0Med BROKK -rivningsrobotarna kan vi riva alla typer av betong- tegel- och l\u00e4ttkonstruktioner.<\/p>\n<p>BROKK 180 g\u00e5r p\u00e5 63A 3-fas medan BROKK 110 g\u00e5r p\u00e5 32A 3-fas. Eftersom de \u00e4r avgasfria kan man utan problem anv\u00e4nda dem p\u00e5 ocks\u00e5 i tr\u00e5nga utrymmen.<\/p>\n<p>Med hydraulhammare, rivningsgrip och skopa l\u00f6per rivningsjobbet riktigt smidigt och snabbt.<\/p>\n<h3>S\u00e4kerhet<\/h3>\n<p>Rivningsrobotarna styrs med fj\u00e4rrstyrning, s\u00e5 operat\u00f6ren st\u00e5r alltid p\u00e5 s\u00e4kert avst\u00e5nd fr\u00e5n arbetsobjektet. Arbetsomr\u00e5det avgr\u00e4nsas under arbetets g\u00e5ng.<\/p>\n<p>Ring s\u00e5 ber\u00e4ttar vi mera!<\/p>\n<\/div><\/div><\/div><\/div><div class = \"tatsu-column-bg-image-wrap\"><div class = \"tatsu-column-bg-image\" ><\/div><\/div><div class=\"tatsu-overlay tatsu-column-overlay tatsu-animate-none\" ><\/div><\/div><style>.tatsu-row > .tatsu-SyOPI2Tbq.tatsu-column{width: 50%;}.tatsu-SyOPI2Tbq.tatsu-column > .tatsu-column-inner > .tatsu-column-overlay{mix-blend-mode: normal;}.tatsu-SyOPI2Tbq > .tatsu-column-inner > .tatsu-top-divider{z-index: 9999;}.tatsu-SyOPI2Tbq > .tatsu-column-inner > .tatsu-bottom-divider{z-index: 9999;}.tatsu-SyOPI2Tbq > .tatsu-column-inner > .tatsu-left-divider{z-index: 9999;}.tatsu-SyOPI2Tbq > .tatsu-column-inner > .tatsu-right-divider{z-index: 9999;}@media only screen and (max-width:1377px) {.tatsu-row > .tatsu-SyOPI2Tbq.tatsu-column{width: 50%;}}@media only screen and (min-width:768px) and (max-width: 1024px) {.tatsu-row > .tatsu-SyOPI2Tbq.tatsu-column{width: 50%;}}@media only screen and (max-width: 767px) {.tatsu-row > .tatsu-SyOPI2Tbq.tatsu-column{width: 100%;}}<\/style><\/div><div  class=\"tatsu-column  tatsu-bg-overlay tatsu-one-half tatsu-column-image-none tatsu-column-effect-none  tatsu-Hyx_vIh6W9\"  data-parallax-speed=\"0\" style=\"\"><div class=\"tatsu-column-inner \" ><div class=\"tatsu-column-pad-wrap\"><div class=\"tatsu-column-pad\" ><div  class=\"tatsu-gallery-wrap tatsu-gallery-module tatsu-module 0 tatsu-SJAq_6aWq   \" ><div class=\"gallery   style1-hover \"  ><div class=\"gallery-container be-grid be-row be-cols-2 clickable clearfix  \" data-aspect-ratio=\"1.6\" data-animation-target = \".gallery-thumb-img-wrap\" data-cols=\"2\" data-scroll-reveal = \"0\" data-animation = \"fadeIn\" data-gutter=\"10\" data-layout=\"metro\" ><div class=\"gallery-cell be-col be-hoverlay  not-wide no-wide-width-height style1-hover \" ><div class=\"gallery-cell-inner\"\"><a data-thumb = \"https:\/\/www.sbsteam.fi\/wp-content\/uploads\/2020\/11\/Brokk-180-kakel-350x350.jpeg\" href=\"https:\/\/www.sbsteam.fi\/wp-content\/uploads\/2020\/11\/Brokk-180-kakel.jpeg\"  class=\"thumb-anchor mfp-image \"  title=\"\"><div class=\"thumb-wrap\"><div style = \"padding-bottom : 62.5%;\" class=\"gallery-thumb-img-wrap be-grid-placeholder none-effect\"  ><img decoding=\"async\" class=\"\"  src=\"https:\/\/www.sbsteam.fi\/wp-content\/uploads\/2020\/11\/Brokk-180-kakel.jpeg\" alt=\"\" \/><\/div><\/div><div class=\"thumb-overlay\"><div class=\"thumb-bg\"><div class=\"thumb-title-wrap display-table-cell vertical-align-middle align-center fadeIn animated\"><\/div><\/div><\/div><\/a><\/div><\/div><div class=\"gallery-cell be-col be-hoverlay  not-wide no-wide-width-height style1-hover \" ><div class=\"gallery-cell-inner\"\"><a data-thumb = \"https:\/\/www.sbsteam.fi\/wp-content\/uploads\/2021\/01\/IMG_20200929_105328-350x350.jpg\" href=\"https:\/\/www.sbsteam.fi\/wp-content\/uploads\/2021\/01\/IMG_20200929_105328-scaled.jpg\"  class=\"thumb-anchor mfp-image \"  title=\"\"><div class=\"thumb-wrap\"><div style = \"padding-bottom : 62.5%;\" class=\"gallery-thumb-img-wrap be-grid-placeholder none-effect\"  ><img decoding=\"async\" class=\"\"  src=\"https:\/\/www.sbsteam.fi\/wp-content\/uploads\/2021\/01\/IMG_20200929_105328-scaled.jpg\" alt=\"\" \/><\/div><\/div><div class=\"thumb-overlay\"><div class=\"thumb-bg\"><div class=\"thumb-title-wrap display-table-cell vertical-align-middle align-center fadeIn animated\"><\/div><\/div><\/div><\/a><\/div><\/div><div class=\"gallery-cell be-col be-hoverlay  not-wide no-wide-width-height style1-hover \" ><div class=\"gallery-cell-inner\"\"><a data-thumb = \"https:\/\/www.sbsteam.fi\/wp-content\/uploads\/2020\/11\/Brokk-180-baraarmeringkvar-350x350.jpg\" href=\"https:\/\/www.sbsteam.fi\/wp-content\/uploads\/2020\/11\/Brokk-180-baraarmeringkvar.jpg\"  class=\"thumb-anchor mfp-image \"  title=\"\"><div class=\"thumb-wrap\"><div style = \"padding-bottom : 62.5%;\" class=\"gallery-thumb-img-wrap be-grid-placeholder none-effect\"  ><img decoding=\"async\" class=\"\"  src=\"https:\/\/www.sbsteam.fi\/wp-content\/uploads\/2020\/11\/Brokk-180-baraarmeringkvar.jpg\" alt=\"\" \/><\/div><\/div><div class=\"thumb-overlay\"><div class=\"thumb-bg\"><div class=\"thumb-title-wrap display-table-cell vertical-align-middle align-center fadeIn animated\"><\/div><\/div><\/div><\/a><\/div><\/div><div class=\"gallery-cell be-col be-hoverlay  not-wide no-wide-width-height style1-hover \" ><div class=\"gallery-cell-inner\"\"><a data-thumb = \"https:\/\/www.sbsteam.fi\/wp-content\/uploads\/2022\/03\/WhatsApp-Image-2021-09-28-at-14.36.33-350x350.jpeg\" href=\"https:\/\/www.sbsteam.fi\/wp-content\/uploads\/2022\/03\/WhatsApp-Image-2021-09-28-at-14.36.33.jpeg\"  class=\"thumb-anchor mfp-image \"  title=\"\"><div class=\"thumb-wrap\"><div style = \"padding-bottom : 62.5%;\" class=\"gallery-thumb-img-wrap be-grid-placeholder none-effect\"  ><img decoding=\"async\" class=\"\"  src=\"https:\/\/www.sbsteam.fi\/wp-content\/uploads\/2022\/03\/WhatsApp-Image-2021-09-28-at-14.36.33-912x592.jpeg\" alt=\"\" \/><\/div><\/div><div class=\"thumb-overlay\"><div class=\"thumb-bg\"><div class=\"thumb-title-wrap display-table-cell vertical-align-middle align-center fadeIn animated\"><\/div><\/div><\/div><\/a><\/div><\/div><div class=\"gallery-cell be-col be-hoverlay  not-wide no-wide-width-height style1-hover \" ><div class=\"gallery-cell-inner\"\"><a data-thumb = \"https:\/\/www.sbsteam.fi\/wp-content\/uploads\/2022\/03\/WhatsApp-Image-2021-11-24-at-13.27.32-350x350.jpeg\" href=\"https:\/\/www.sbsteam.fi\/wp-content\/uploads\/2022\/03\/WhatsApp-Image-2021-11-24-at-13.27.32.jpeg\"  class=\"thumb-anchor mfp-image \"  title=\"\"><div class=\"thumb-wrap\"><div style = \"padding-bottom : 62.5%;\" class=\"gallery-thumb-img-wrap be-grid-placeholder none-effect\"  ><img decoding=\"async\" class=\"\"  src=\"https:\/\/www.sbsteam.fi\/wp-content\/uploads\/2022\/03\/WhatsApp-Image-2021-11-24-at-13.27.32-1000x592.jpeg\" alt=\"\" \/><\/div><\/div><div class=\"thumb-overlay\"><div class=\"thumb-bg\"><div class=\"thumb-title-wrap display-table-cell vertical-align-middle align-center fadeIn animated\"><\/div><\/div><\/div><\/a><\/div><\/div><div class=\"gallery-cell be-col be-hoverlay  not-wide no-wide-width-height style1-hover \" ><div class=\"gallery-cell-inner\"\"><a data-thumb = \"https:\/\/www.sbsteam.fi\/wp-content\/uploads\/2022\/03\/WhatsApp-Image-2022-02-17-at-08.14.14-350x350.jpeg\" href=\"https:\/\/www.sbsteam.fi\/wp-content\/uploads\/2022\/03\/WhatsApp-Image-2022-02-17-at-08.14.14.jpeg\"  class=\"thumb-anchor mfp-image \"  title=\"\"><div class=\"thumb-wrap\"><div style = \"padding-bottom : 62.5%;\" class=\"gallery-thumb-img-wrap be-grid-placeholder none-effect\"  ><img decoding=\"async\" class=\"\"  src=\"https:\/\/www.sbsteam.fi\/wp-content\/uploads\/2022\/03\/WhatsApp-Image-2022-02-17-at-08.14.14-1000x592.jpeg\" alt=\"\" \/><\/div><\/div><div class=\"thumb-overlay\"><div class=\"thumb-bg\"><div class=\"thumb-title-wrap display-table-cell vertical-align-middle align-center fadeIn animated\"><\/div><\/div><\/div><\/a><\/div><\/div><\/div><\/div><style>.tatsu-SJAq_6aWq .gallery-container{margin: 0 -5px;}.tatsu-SJAq_6aWq .gallery-container .gallery-cell.be-col{margin-bottom: 10px;}.tatsu-SJAq_6aWq .gallery-container .gallery-cell.be-col {padding: 0 5px;}.tatsu-SJAq_6aWq.tatsu-gallery-module .gallery-container {margin-bottom: -10px !important;}.tatsu-SJAq_6aWq.tatsu-gallery-module .thumb-title{color: #fff ;}.tatsu-SJAq_6aWq.tatsu-gallery-module .thumb-bg{background-color: #2293D7;}<\/style><\/div><\/div><\/div><div class = \"tatsu-column-bg-image-wrap\"><div class = \"tatsu-column-bg-image\" ><\/div><\/div><div class=\"tatsu-overlay tatsu-column-overlay tatsu-animate-none\" ><\/div><\/div><style>.tatsu-row > .tatsu-Hyx_vIh6W9.tatsu-column{width: 50%;}.tatsu-Hyx_vIh6W9.tatsu-column > .tatsu-column-inner > .tatsu-column-overlay{mix-blend-mode: normal;}.tatsu-Hyx_vIh6W9 > .tatsu-column-inner > .tatsu-top-divider{z-index: 9999;}.tatsu-Hyx_vIh6W9 > .tatsu-column-inner > .tatsu-bottom-divider{z-index: 9999;}.tatsu-Hyx_vIh6W9 > .tatsu-column-inner > .tatsu-left-divider{z-index: 9999;}.tatsu-Hyx_vIh6W9 > .tatsu-column-inner > .tatsu-right-divider{z-index: 9999;}@media only screen and (max-width:1377px) {.tatsu-row > .tatsu-Hyx_vIh6W9.tatsu-column{width: 50%;}}@media only screen and (min-width:768px) and (max-width: 1024px) {.tatsu-row > .tatsu-Hyx_vIh6W9.tatsu-column{width: 50%;}}@media only screen and (max-width: 767px) {.tatsu-row > .tatsu-Hyx_vIh6W9.tatsu-column{width: 100%;}}<\/style><\/div><\/div><\/div><\/div><div class=\"tatsu-section-background-wrap\"><div class = \"tatsu-section-background\" ><\/div><\/div><div class=\"tatsu-overlay tatsu-section-overlay\"><\/div><style>.tatsu-rk-MMrnaWq .tatsu-section-pad{padding: 36px 0px 90px 0px;}.tatsu-rk-MMrnaWq .tatsu-section-offset-wrap{transform: translateY(-0px);}.tatsu-rk-MMrnaWq > .tatsu-bottom-divider{z-index: 9999;}.tatsu-rk-MMrnaWq > .tatsu-top-divider{z-index: 9999;}.tatsu-rk-MMrnaWq .tatsu-section-overlay{mix-blend-mode: normal;}<\/style><\/div>\n","protected":false},"excerpt":{"rendered":"","protected":false},"author":3,"featured_media":0,"parent":0,"menu_order":0,"comment_status":"closed","ping_status":"closed","template":"tatsu-default.php","meta":{"_acf_changed":false,"footnotes":""},"class_list":["post-3083","page","type-page","status-publish","hentry"],"acf":[],"yoast_head":"<!-- This site is optimized with the Yoast SEO plugin v24.4 - https:\/\/yoast.com\/wordpress\/plugins\/seo\/ -->\n<title>RIVNINGSARBETEN | Rivningsrobot - BROKK | SBS Team Ab<\/title>\n<meta name=\"description\" content=\"Med v\u00e5ra rivningsrobotar, BROKK 110 och BROKK 180, utf\u00f6r vi alla typer av rivningsarbeten b\u00e5de inomhus och utomhus. Utan avgaser.\" \/>\n<meta name=\"robots\" content=\"index, follow, max-snippet:-1, max-image-preview:large, max-video-preview:-1\" \/>\n<link rel=\"canonical\" href=\"https:\/\/www.sbsteam.fi\/sv\/robotrivning\/\" \/>\n<meta property=\"og:locale\" content=\"sv_SE\" \/>\n<meta property=\"og:type\" content=\"article\" \/>\n<meta property=\"og:title\" content=\"RIVNINGSARBETEN | Rivningsrobot - BROKK | SBS Team Ab\" \/>\n<meta property=\"og:description\" content=\"Med v\u00e5ra rivningsrobotar, BROKK 110 och BROKK 180, utf\u00f6r vi alla typer av rivningsarbeten b\u00e5de inomhus och utomhus. Utan avgaser.\" \/>\n<meta property=\"og:url\" content=\"https:\/\/www.sbsteam.fi\/sv\/robotrivning\/\" \/>\n<meta property=\"og:site_name\" content=\"SBS\" \/>\n<meta property=\"article:publisher\" content=\"https:\/\/www.facebook.com\/sbsteamab\" \/>\n<meta property=\"article:modified_time\" content=\"2022-03-23T12:17:45+00:00\" \/>\n<meta name=\"twitter:card\" content=\"summary_large_image\" \/>\n<script type=\"application\/ld+json\" class=\"yoast-schema-graph\">{\"@context\":\"https:\/\/schema.org\",\"@graph\":[{\"@type\":\"WebPage\",\"@id\":\"https:\/\/www.sbsteam.fi\/sv\/robotrivning\/\",\"url\":\"https:\/\/www.sbsteam.fi\/sv\/robotrivning\/\",\"name\":\"RIVNINGSARBETEN | Rivningsrobot - BROKK | SBS Team Ab\",\"isPartOf\":{\"@id\":\"https:\/\/www.sbsteam.fi\/#website\"},\"datePublished\":\"2022-03-23T11:14:17+00:00\",\"dateModified\":\"2022-03-23T12:17:45+00:00\",\"description\":\"Med v\u00e5ra rivningsrobotar, BROKK 110 och BROKK 180, utf\u00f6r vi alla typer av rivningsarbeten b\u00e5de inomhus och utomhus. Utan avgaser.\",\"breadcrumb\":{\"@id\":\"https:\/\/www.sbsteam.fi\/sv\/robotrivning\/#breadcrumb\"},\"inLanguage\":\"sv-SE\",\"potentialAction\":[{\"@type\":\"ReadAction\",\"target\":[\"https:\/\/www.sbsteam.fi\/sv\/robotrivning\/\"]}]},{\"@type\":\"BreadcrumbList\",\"@id\":\"https:\/\/www.sbsteam.fi\/sv\/robotrivning\/#breadcrumb\",\"itemListElement\":[{\"@type\":\"ListItem\",\"position\":1,\"name\":\"Home\",\"item\":\"https:\/\/www.sbsteam.fi\/sv\/haltagning\/\"},{\"@type\":\"ListItem\",\"position\":2,\"name\":\"Robotrivning\"}]},{\"@type\":\"WebSite\",\"@id\":\"https:\/\/www.sbsteam.fi\/#website\",\"url\":\"https:\/\/www.sbsteam.fi\/\",\"name\":\"SBS\",\"description\":\"Just another WordPress site\",\"potentialAction\":[{\"@type\":\"SearchAction\",\"target\":{\"@type\":\"EntryPoint\",\"urlTemplate\":\"https:\/\/www.sbsteam.fi\/?s={search_term_string}\"},\"query-input\":{\"@type\":\"PropertyValueSpecification\",\"valueRequired\":true,\"valueName\":\"search_term_string\"}}],\"inLanguage\":\"sv-SE\"}]}<\/script>\n<!-- \/ Yoast SEO plugin. -->","yoast_head_json":{"title":"RIVNINGSARBETEN | Rivningsrobot - BROKK | SBS Team Ab","description":"Med v\u00e5ra rivningsrobotar, BROKK 110 och BROKK 180, utf\u00f6r vi alla typer av rivningsarbeten b\u00e5de inomhus och utomhus. Utan avgaser.","robots":{"index":"index","follow":"follow","max-snippet":"max-snippet:-1","max-image-preview":"max-image-preview:large","max-video-preview":"max-video-preview:-1"},"canonical":"https:\/\/www.sbsteam.fi\/sv\/robotrivning\/","og_locale":"sv_SE","og_type":"article","og_title":"RIVNINGSARBETEN | Rivningsrobot - BROKK | SBS Team Ab","og_description":"Med v\u00e5ra rivningsrobotar, BROKK 110 och BROKK 180, utf\u00f6r vi alla typer av rivningsarbeten b\u00e5de inomhus och utomhus. Utan avgaser.","og_url":"https:\/\/www.sbsteam.fi\/sv\/robotrivning\/","og_site_name":"SBS","article_publisher":"https:\/\/www.facebook.com\/sbsteamab","article_modified_time":"2022-03-23T12:17:45+00:00","twitter_card":"summary_large_image","schema":{"@context":"https:\/\/schema.org","@graph":[{"@type":"WebPage","@id":"https:\/\/www.sbsteam.fi\/sv\/robotrivning\/","url":"https:\/\/www.sbsteam.fi\/sv\/robotrivning\/","name":"RIVNINGSARBETEN | Rivningsrobot - BROKK | SBS Team Ab","isPartOf":{"@id":"https:\/\/www.sbsteam.fi\/#website"},"datePublished":"2022-03-23T11:14:17+00:00","dateModified":"2022-03-23T12:17:45+00:00","description":"Med v\u00e5ra rivningsrobotar, BROKK 110 och BROKK 180, utf\u00f6r vi alla typer av rivningsarbeten b\u00e5de inomhus och utomhus. Utan avgaser.","breadcrumb":{"@id":"https:\/\/www.sbsteam.fi\/sv\/robotrivning\/#breadcrumb"},"inLanguage":"sv-SE","potentialAction":[{"@type":"ReadAction","target":["https:\/\/www.sbsteam.fi\/sv\/robotrivning\/"]}]},{"@type":"BreadcrumbList","@id":"https:\/\/www.sbsteam.fi\/sv\/robotrivning\/#breadcrumb","itemListElement":[{"@type":"ListItem","position":1,"name":"Home","item":"https:\/\/www.sbsteam.fi\/sv\/haltagning\/"},{"@type":"ListItem","position":2,"name":"Robotrivning"}]},{"@type":"WebSite","@id":"https:\/\/www.sbsteam.fi\/#website","url":"https:\/\/www.sbsteam.fi\/","name":"SBS","description":"Just another WordPress site","potentialAction":[{"@type":"SearchAction","target":{"@type":"EntryPoint","urlTemplate":"https:\/\/www.sbsteam.fi\/?s={search_term_string}"},"query-input":{"@type":"PropertyValueSpecification","valueRequired":true,"valueName":"search_term_string"}}],"inLanguage":"sv-SE"}]}},"jetpack_shortlink":"https:\/\/wp.me\/P70pQC-NJ","jetpack_sharing_enabled":true,"_links":{"self":[{"href":"https:\/\/www.sbsteam.fi\/sv\/wp-json\/wp\/v2\/pages\/3083","targetHints":{"allow":["GET"]}}],"collection":[{"href":"https:\/\/www.sbsteam.fi\/sv\/wp-json\/wp\/v2\/pages"}],"about":[{"href":"https:\/\/www.sbsteam.fi\/sv\/wp-json\/wp\/v2\/types\/page"}],"author":[{"embeddable":true,"href":"https:\/\/www.sbsteam.fi\/sv\/wp-json\/wp\/v2\/users\/3"}],"replies":[{"embeddable":true,"href":"https:\/\/www.sbsteam.fi\/sv\/wp-json\/wp\/v2\/comments?post=3083"}],"version-history":[{"count":3,"href":"https:\/\/www.sbsteam.fi\/sv\/wp-json\/wp\/v2\/pages\/3083\/revisions"}],"predecessor-version":[{"id":3087,"href":"https:\/\/www.sbsteam.fi\/sv\/wp-json\/wp\/v2\/pages\/3083\/revisions\/3087"}],"wp:attachment":[{"href":"https:\/\/www.sbsteam.fi\/sv\/wp-json\/wp\/v2\/media?parent=3083"}],"curies":[{"name":"wp","href":"https:\/\/api.w.org\/{rel}","templated":true}]}}