{"id":2824,"date":"2019-05-28T10:09:48","date_gmt":"2019-05-28T10:09:48","guid":{"rendered":"https:\/\/www.sbsteam.fi\/?page_id=2824"},"modified":"2021-08-31T06:45:58","modified_gmt":"2021-08-31T06:45:58","slug":"hoghusborrning","status":"publish","type":"page","link":"https:\/\/www.sbsteam.fi\/sv\/tjanster\/hoghusborrning\/","title":{"rendered":"H\u00f6ghusborrning"},"content":{"rendered":"<div class=\"row\">\n<div class=\"col-md-6\">\n<h3>R\u00f6rsaneringsh\u00e5ltagning<\/h3>\n<p>\u00c4r ditt fastighetsbolag i behov av en r\u00f6rsanering? Eller kanske du jobbar med r\u00f6rsaneringar och vill hitta en v\u00e4rdig samarbetspartner?<\/p>\n<h3>Boka nu: <a href=\"tel:+358406573320\">+358406573320<\/a><\/h3>\n<p>Vi har specialiserat oss p\u00e5 h\u00e5ltagning f\u00f6r r\u00f6r- och elsaneringar i h\u00f6ghus. Vi har utf\u00f6rt h\u00e5ltagningar i ett tiotal v\u00e5ningshus i olika storlekar det senaste \u00e5ret, i samtliga fall har kunden varit n\u00f6jd.<\/p>\n<p>Vi har l\u00e4rt oss att vissa saker \u00e4r otroligt viktiga d\u00e5 det g\u00e4ller borrning i h\u00f6ghus, exempelvis:<\/p>\n<h3>Ordning och reda<\/h3>\n<p>P\u00e5 alla saneringar r\u00f6r det sig flera olika entrepren\u00f6rer i olika skeden, vi str\u00e4var till att v\u00e5rt arbete skall l\u00f6pa s\u00e5 smidigt som m\u00f6jligt s\u00e5 att alla parter f\u00e5r fokusera p\u00e5 sitt eget arbete.<\/p>\n<h3>Rent och snyggt<\/h3>\n<p>Ibland \u00e4r l\u00e4genheterna bebodda\/inredda, vilket betyder att absolut inget vattenst\u00e4nk f\u00e5r uppst\u00e5 vid borrningen. F\u00f6r att f\u00f6rhindra detta anv\u00e4nder vi sugkoppar och t\u00e4cker vid behov in omgivningen.<\/p>\n<h3>Kostnadseffektivt<\/h3>\n<p>Vi str\u00e4var till att utf\u00f6ra borrningarna trapphusvis i ett svep, detta \u00f6kar produktiviteten avsev\u00e4rt vilket l\u00f6nar sig f\u00f6r alla parter.<\/p>\n<hr \/>\n<p>Tveka inte att ta kontakt, redan i planeringsskedet, s\u00e5 hj\u00e4lper vi er med h\u00e5ltagningarna.<\/p>\n<p>F\u00f6rfr\u00e5gningar: <a href=\"tel:0503380730\">0503380730<\/a><br \/>\nBest\u00e4llningar (Jakobstad): <a href=\"tel:0406573320\">0406573320<\/a><br \/>\nBest\u00e4llningar (Vasa): <a href=\"tel:0408464516\">0408464516<\/a><\/p>\n<p><img loading=\"lazy\" decoding=\"async\" class=\"alignnone size-medium wp-image-2820\" src=\"https:\/\/www.sbsteam.fi\/wp-content\/uploads\/2019\/05\/WhatsApp-Image-2019-05-02-at-10.19.20-2-585x390.jpeg\" alt=\"h\u00f6ghusborrning\" width=\"585\" height=\"390\" srcset=\"https:\/\/www.sbsteam.fi\/wp-content\/uploads\/2019\/05\/WhatsApp-Image-2019-05-02-at-10.19.20-2-585x390.jpeg 585w, https:\/\/www.sbsteam.fi\/wp-content\/uploads\/2019\/05\/WhatsApp-Image-2019-05-02-at-10.19.20-2-768x512.jpeg 768w, https:\/\/www.sbsteam.fi\/wp-content\/uploads\/2019\/05\/WhatsApp-Image-2019-05-02-at-10.19.20-2-1170x780.jpeg 1170w, https:\/\/www.sbsteam.fi\/wp-content\/uploads\/2019\/05\/WhatsApp-Image-2019-05-02-at-10.19.20-2.jpeg 1200w\" sizes=\"auto, (max-width: 585px) 100vw, 585px\" \/><\/p>\n<p><img loading=\"lazy\" decoding=\"async\" class=\"alignnone size-medium wp-image-2821\" src=\"https:\/\/www.sbsteam.fi\/wp-content\/uploads\/2019\/05\/WhatsApp-Image-2019-05-02-at-10.19.23-1-2-585x439.jpeg\" alt=\"R\u00f6rsaneringsh\u00e5ltagning\" width=\"585\" height=\"439\" srcset=\"https:\/\/www.sbsteam.fi\/wp-content\/uploads\/2019\/05\/WhatsApp-Image-2019-05-02-at-10.19.23-1-2-585x439.jpeg 585w, https:\/\/www.sbsteam.fi\/wp-content\/uploads\/2019\/05\/WhatsApp-Image-2019-05-02-at-10.19.23-1-2-768x576.jpeg 768w, https:\/\/www.sbsteam.fi\/wp-content\/uploads\/2019\/05\/WhatsApp-Image-2019-05-02-at-10.19.23-1-2-1170x878.jpeg 1170w, https:\/\/www.sbsteam.fi\/wp-content\/uploads\/2019\/05\/WhatsApp-Image-2019-05-02-at-10.19.23-1-2.jpeg 1600w\" sizes=\"auto, (max-width: 585px) 100vw, 585px\" \/><\/p>\n<p><a class=\"btn btn-default\" href=\"#contact\">Ta kontakt<\/a><\/p>\n<\/div>\n<div id=\"contact\" class=\"col-md-6\">\n<h3>Kontakta oss!<\/h3>\n<script type=\"text\/javascript\">\n\/* <![CDATA[ *\/\nvar gform;gform||(document.addEventListener(\"gform_main_scripts_loaded\",function(){gform.scriptsLoaded=!0}),document.addEventListener(\"gform\/theme\/scripts_loaded\",function(){gform.themeScriptsLoaded=!0}),window.addEventListener(\"DOMContentLoaded\",function(){gform.domLoaded=!0}),gform={domLoaded:!1,scriptsLoaded:!1,themeScriptsLoaded:!1,isFormEditor:()=>\"function\"==typeof InitializeEditor,callIfLoaded:function(o){return!(!gform.domLoaded||!gform.scriptsLoaded||!gform.themeScriptsLoaded&&!gform.isFormEditor()||(gform.isFormEditor()&&console.warn(\"The use of gform.initializeOnLoaded() is deprecated in the form editor context and will be removed in Gravity Forms 3.1.\"),o(),0))},initializeOnLoaded:function(o){gform.callIfLoaded(o)||(document.addEventListener(\"gform_main_scripts_loaded\",()=>{gform.scriptsLoaded=!0,gform.callIfLoaded(o)}),document.addEventListener(\"gform\/theme\/scripts_loaded\",()=>{gform.themeScriptsLoaded=!0,gform.callIfLoaded(o)}),window.addEventListener(\"DOMContentLoaded\",()=>{gform.domLoaded=!0,gform.callIfLoaded(o)}))},hooks:{action:{},filter:{}},addAction:function(o,r,e,t){gform.addHook(\"action\",o,r,e,t)},addFilter:function(o,r,e,t){gform.addHook(\"filter\",o,r,e,t)},doAction:function(o){gform.doHook(\"action\",o,arguments)},applyFilters:function(o){return gform.doHook(\"filter\",o,arguments)},removeAction:function(o,r){gform.removeHook(\"action\",o,r)},removeFilter:function(o,r,e){gform.removeHook(\"filter\",o,r,e)},addHook:function(o,r,e,t,n){null==gform.hooks[o][r]&&(gform.hooks[o][r]=[]);var d=gform.hooks[o][r];null==n&&(n=r+\"_\"+d.length),gform.hooks[o][r].push({tag:n,callable:e,priority:t=null==t?10:t})},doHook:function(r,o,e){var t;if(e=Array.prototype.slice.call(e,1),null!=gform.hooks[r][o]&&((o=gform.hooks[r][o]).sort(function(o,r){return o.priority-r.priority}),o.forEach(function(o){\"function\"!=typeof(t=o.callable)&&(t=window[t]),\"action\"==r?t.apply(null,e):e[0]=t.apply(null,e)})),\"filter\"==r)return e[0]},removeHook:function(o,r,t,n){var e;null!=gform.hooks[o][r]&&(e=(e=gform.hooks[o][r]).filter(function(o,r,e){return!!(null!=n&&n!=o.tag||null!=t&&t!=o.priority)}),gform.hooks[o][r]=e)}});\n\/* ]]> *\/\n<\/script>\n\n                <div class='gf_browser_gecko gform_wrapper gform_legacy_markup_wrapper gform-theme--no-framework' data-form-theme='legacy' data-form-index='0' id='gform_wrapper_3' ><div id='gf_3' class='gform_anchor' tabindex='-1'><\/div><form method='post' enctype='multipart\/form-data' target='gform_ajax_frame_3' id='gform_3'  action='\/sv\/wp-json\/wp\/v2\/pages\/2824#gf_3' data-formid='3' novalidate>\n                        <div class='gform-body gform_body'><ul id='gform_fields_3' class='gform_fields top_label form_sublabel_below description_below validation_below'><li id=\"field_3_8\" class=\"gfield gfield--type-honeypot gform_validation_container field_sublabel_below gfield--has-description field_description_below field_validation_below gfield_visibility_visible\"  ><label class='gfield_label gform-field-label' for='input_3_8'>URL<\/label><div class='ginput_container'><input name='input_8' id='input_3_8' type='text' value='' autocomplete='new-password'\/><\/div><div class='gfield_description' id='gfield_description_3_8'>This field is for validation purposes and should be left unchanged.<\/div><\/li><li id=\"field_3_2\" class=\"gfield gfield--type-text field_sublabel_below gfield--no-description field_description_below field_validation_below gfield_visibility_visible\"  ><label class='gfield_label gform-field-label' for='input_3_2'>Namn<\/label><div class='ginput_container ginput_container_text'><input name='input_2' id='input_3_2' type='text' value='' class='large'    placeholder='Namn'  aria-invalid=\"false\"   \/><\/div><\/li><li id=\"field_3_3\" class=\"gfield gfield--type-email gfield_contains_required field_sublabel_below gfield--no-description field_description_below field_validation_below gfield_visibility_visible\"  ><label class='gfield_label gform-field-label' for='input_3_3'>E-post<span class=\"gfield_required\"><span class=\"gfield_required gfield_required_asterisk\">*<\/span><\/span><\/label><div class='ginput_container ginput_container_email'>\n                            <input name='input_3' id='input_3_3' type='email' value='' class='large'   placeholder='E-post' aria-required=\"true\" aria-invalid=\"false\"  \/>\n                        <\/div><\/li><li id=\"field_3_4\" class=\"gfield gfield--type-phone field_sublabel_below gfield--no-description field_description_below field_validation_below gfield_visibility_visible\"  ><label class='gfield_label gform-field-label' for='input_3_4'>Telefonnummer<\/label><div class='ginput_container ginput_container_phone'><input name='input_4' id='input_3_4' type='tel' value='' class='large'  placeholder='Telefonnummer'  aria-invalid=\"false\"   \/><\/div><\/li><li id=\"field_3_5\" class=\"gfield gfield--type-text field_sublabel_below gfield--no-description field_description_below field_validation_below gfield_visibility_visible\"  ><label class='gfield_label gform-field-label' for='input_3_5'>F\u00f6retag<\/label><div class='ginput_container ginput_container_text'><input name='input_5' id='input_3_5' type='text' value='' class='large'    placeholder='F\u00f6retag'  aria-invalid=\"false\"   \/><\/div><\/li><li id=\"field_3_6\" class=\"gfield gfield--type-textarea field_sublabel_below gfield--no-description field_description_below field_validation_below gfield_visibility_visible\"  ><label class='gfield_label gform-field-label' for='input_3_6'>Hur kan vi st\u00e5 till tj\u00e4nst? Beskriv ert projekt noggrannt s\u00e5 kan vi ge en noggrann offert!<\/label><div class='ginput_container ginput_container_textarea'><textarea name='input_6' id='input_3_6' class='textarea large'    placeholder='Hur kan vi st\u00e5 till tj\u00e4nst? Beskriv ert projekt noggrannt s\u00e5 kan vi ge en noggrann offert!'  aria-invalid=\"false\"   rows='10' cols='50'><\/textarea><\/div><\/li><li id=\"field_3_7\" class=\"gfield gfield--type-html gfield_html gfield_html_formatted gfield_no_follows_desc field_sublabel_below gfield--no-description field_description_below field_validation_below gfield_visibility_visible\"  ><style>\n#gform_wrapper_3 ul li label {display: none;}\n#gform_submit_button_3 {color: #F37221;\n    background-color: transparent;\n    border-color: #F37221;\n    border: 3px solid;\n    display: inline-block;\n    margin-bottom: 0;\n    font-weight: 600;\n    text-align: center;\n    vertical-align: middle;\n    -ms-touch-action: manipulation;\n    touch-action: manipulation;\n    cursor: pointer;\n    background-image: none;\n    white-space: nowrap;\n    padding: 6px 12px;\n    font-size: 14px;\n    line-height: 1.428571429;\n    border-radius: 0;\n    -webkit-user-select: none;\n    -moz-user-select: none;\n    -ms-user-select: none;\n    user-select: none;\n}\n\n<\/style><\/li><\/ul><\/div>\n        <div class='gform-footer gform_footer top_label'> <input type='submit' id='gform_submit_button_3' class='gform_button button' onclick='gform.submission.handleButtonClick(this);' data-submission-type='submit' value='Skicka'  \/> <input type='hidden' name='gform_ajax' value='form_id=3&amp;title=&amp;description=&amp;tabindex=0&amp;theme=legacy&amp;styles=[]&amp;hash=243009cb3eb1ba19e25a1d9bba156b18' \/>\n            <input type='hidden' class='gform_hidden' name='gform_submission_method' data-js='gform_submission_method_3' value='iframe' \/>\n            <input type='hidden' class='gform_hidden' name='gform_theme' data-js='gform_theme_3' id='gform_theme_3' value='legacy' \/>\n            <input type='hidden' class='gform_hidden' name='gform_style_settings' data-js='gform_style_settings_3' id='gform_style_settings_3' value='[]' \/>\n            <input type='hidden' class='gform_hidden' name='is_submit_3' value='1' \/>\n            <input type='hidden' class='gform_hidden' name='gform_submit' value='3' \/>\n            \n            <input type='hidden' class='gform_hidden' name='gform_currency' data-currency='EUR' value='wNdaHlUkO16PqTO0dYnGVbB8v7qrxZAcqqWrejplQoPOzP27EDYumpHH3iBIzMCkbEeuFddTIzuq8MvB9SCrV\/GGrUoR1LivjpqVXerJkwwpkI0=' \/>\n            <input type='hidden' class='gform_hidden' name='gform_unique_id' value='' \/>\n            <input type='hidden' class='gform_hidden' name='state_3' value='WyJbXSIsIjU4NWJiNmQ3YjkyZjk1MDgwZDk0OWU5MTM4YzA0NTMzIl0=' \/>\n            <input type='hidden' autocomplete='off' class='gform_hidden' name='gform_target_page_number_3' id='gform_target_page_number_3' value='0' \/>\n            <input type='hidden' autocomplete='off' class='gform_hidden' name='gform_source_page_number_3' id='gform_source_page_number_3' value='1' \/>\n            <input type='hidden' name='gform_field_values' value='' \/>\n            \n        <\/div>\n                        <p style=\"display: none !important;\" class=\"akismet-fields-container\" data-prefix=\"ak_\"><label>&#916;<textarea name=\"ak_hp_textarea\" cols=\"45\" rows=\"8\" maxlength=\"100\"><\/textarea><\/label><input type=\"hidden\" id=\"ak_js_1\" name=\"ak_js\" value=\"105\"\/><script>document.getElementById( \"ak_js_1\" ).setAttribute( \"value\", ( new Date() ).getTime() );<\/script><\/p><\/form>\n                        <\/div>\n\t\t                <iframe style='display:none;width:0px;height:0px;' src='about:blank' name='gform_ajax_frame_3' id='gform_ajax_frame_3' title='This iframe contains the logic required to handle Ajax powered Gravity Forms.'><\/iframe>\n\t\t                <script type=\"text\/javascript\">\n\/* <![CDATA[ *\/\n gform.initializeOnLoaded( function() {gformInitSpinner( 3, 'https:\/\/www.sbsteam.fi\/wp-content\/plugins\/gravityforms\/images\/spinner.svg', true );jQuery('#gform_ajax_frame_3').on('load',function(){var contents = jQuery(this).contents().find('*').html();var is_postback = contents.indexOf('GF_AJAX_POSTBACK') >= 0;if(!is_postback){return;}var form_content = jQuery(this).contents().find('#gform_wrapper_3');var is_confirmation = jQuery(this).contents().find('#gform_confirmation_wrapper_3').length > 0;var is_redirect = contents.indexOf('gformRedirect(){') >= 0;var is_form = form_content.length > 0 && ! is_redirect && ! is_confirmation;var mt = parseInt(jQuery('html').css('margin-top'), 10) + parseInt(jQuery('body').css('margin-top'), 10) + 100;if(is_form){jQuery('#gform_wrapper_3').html(form_content.html());if(form_content.hasClass('gform_validation_error')){jQuery('#gform_wrapper_3').addClass('gform_validation_error');} else {jQuery('#gform_wrapper_3').removeClass('gform_validation_error');}setTimeout( function() { \/* delay the scroll by 50 milliseconds to fix a bug in chrome *\/ jQuery(document).scrollTop(jQuery('#gform_wrapper_3').offset().top - mt); }, 50 );if(window['gformInitDatepicker']) {gformInitDatepicker();}if(window['gformInitPriceFields']) {gformInitPriceFields();}var current_page = jQuery('#gform_source_page_number_3').val();gformInitSpinner( 3, 'https:\/\/www.sbsteam.fi\/wp-content\/plugins\/gravityforms\/images\/spinner.svg', true );jQuery(document).trigger('gform_page_loaded', [3, current_page]);window['gf_submitting_3'] = false;}else if(!is_redirect){var confirmation_content = jQuery(this).contents().find('.GF_AJAX_POSTBACK').html();if(!confirmation_content){confirmation_content = contents;}jQuery('#gform_wrapper_3').replaceWith(confirmation_content);jQuery(document).scrollTop(jQuery('#gf_3').offset().top - mt);jQuery(document).trigger('gform_confirmation_loaded', [3]);window['gf_submitting_3'] = false;wp.a11y.speak(jQuery('#gform_confirmation_message_3').text());}else{jQuery('#gform_3').append(contents);if(window['gformRedirect']) {gformRedirect();}}jQuery(document).trigger(\"gform_pre_post_render\", [{ formId: \"3\", currentPage: \"current_page\", abort: function() { this.preventDefault(); } }]);        if (event && event.defaultPrevented) {                return;        }        const gformWrapperDiv = document.getElementById( \"gform_wrapper_3\" );        if ( gformWrapperDiv ) {            const visibilitySpan = document.createElement( \"span\" );            visibilitySpan.id = \"gform_visibility_test_3\";            gformWrapperDiv.insertAdjacentElement( \"afterend\", visibilitySpan );        }        const visibilityTestDiv = document.getElementById( \"gform_visibility_test_3\" );        let postRenderFired = false;        function triggerPostRender() {            if ( postRenderFired ) {                return;            }            postRenderFired = true;            gform.core.triggerPostRenderEvents( 3, current_page );            if ( visibilityTestDiv ) {                visibilityTestDiv.parentNode.removeChild( visibilityTestDiv );            }        }        function debounce( func, wait, immediate ) {            var timeout;            return function() {                var context = this, args = arguments;                var later = function() {                    timeout = null;                    if ( !immediate ) func.apply( context, args );                };                var callNow = immediate && !timeout;                clearTimeout( timeout );                timeout = setTimeout( later, wait );                if ( callNow ) func.apply( context, args );            };        }        const debouncedTriggerPostRender = debounce( function() {            triggerPostRender();        }, 200 );        if ( visibilityTestDiv && visibilityTestDiv.offsetParent === null ) {            const observer = new MutationObserver( ( mutations ) => {                mutations.forEach( ( mutation ) => {                    if ( mutation.type === 'attributes' && visibilityTestDiv.offsetParent !== null ) {                        debouncedTriggerPostRender();                        observer.disconnect();                    }                });            });            observer.observe( document.body, {                attributes: true,                childList: false,                subtree: true,                attributeFilter: [ 'style', 'class' ],            });        } else {            triggerPostRender();        }    } );} ); \n\/* ]]> *\/\n<\/script>\n\n<\/div>\n<\/div>\n","protected":false},"excerpt":{"rendered":"<p>R\u00f6rsaneringsh\u00e5ltagning \u00c4r ditt fastighetsbolag i behov av en r\u00f6rsanering? Eller kanske du jobbar med r\u00f6rsaneringar och vill hitta en v\u00e4rdig samarbetspartner? Boka nu: +358406573320 Vi har specialiserat oss p\u00e5 h\u00e5ltagning f\u00f6r r\u00f6r- och elsaneringar i h\u00f6ghus. Vi har utf\u00f6rt h\u00e5ltagningar i ett tiotal v\u00e5ningshus i olika storlekar det senaste \u00e5ret, i samtliga fall har kunden &hellip; <a href=\"https:\/\/www.sbsteam.fi\/sv\/tjanster\/hoghusborrning\/\">Continued<\/a><\/p>\n","protected":false},"author":1,"featured_media":0,"parent":406,"menu_order":0,"comment_status":"closed","ping_status":"closed","template":"","meta":{"_acf_changed":false,"footnotes":""},"class_list":["post-2824","page","type-page","status-publish","hentry"],"acf":[],"yoast_head":"<!-- This site is optimized with the Yoast SEO plugin v24.4 - https:\/\/yoast.com\/wordpress\/plugins\/seo\/ -->\n<title>H\u00f6ghusborrning - SBS<\/title>\n<meta name=\"robots\" content=\"index, follow, max-snippet:-1, max-image-preview:large, max-video-preview:-1\" \/>\n<link rel=\"canonical\" href=\"https:\/\/www.sbsteam.fi\/sv\/tjanster\/hoghusborrning\/\" \/>\n<meta property=\"og:locale\" content=\"sv_SE\" \/>\n<meta property=\"og:type\" content=\"article\" \/>\n<meta property=\"og:title\" content=\"H\u00f6ghusborrning - SBS\" \/>\n<meta property=\"og:description\" content=\"R\u00f6rsaneringsh\u00e5ltagning \u00c4r ditt fastighetsbolag i behov av en r\u00f6rsanering? Eller kanske du jobbar med r\u00f6rsaneringar och vill hitta en v\u00e4rdig samarbetspartner? Boka nu: +358406573320 Vi har specialiserat oss p\u00e5 h\u00e5ltagning f\u00f6r r\u00f6r- och elsaneringar i h\u00f6ghus. Vi har utf\u00f6rt h\u00e5ltagningar i ett tiotal v\u00e5ningshus i olika storlekar det senaste \u00e5ret, i samtliga fall har kunden &hellip; Continued\" \/>\n<meta property=\"og:url\" content=\"https:\/\/www.sbsteam.fi\/sv\/tjanster\/hoghusborrning\/\" \/>\n<meta property=\"og:site_name\" content=\"SBS\" \/>\n<meta property=\"article:publisher\" content=\"https:\/\/www.facebook.com\/sbsteamab\" \/>\n<meta property=\"article:modified_time\" content=\"2021-08-31T06:45:58+00:00\" \/>\n<meta property=\"og:image\" content=\"https:\/\/www.sbsteam.fi\/wp-content\/uploads\/2019\/05\/WhatsApp-Image-2019-05-02-at-10.19.20-2-585x390.jpeg\" \/>\n<meta name=\"twitter:card\" content=\"summary_large_image\" \/>\n<meta name=\"twitter:label1\" content=\"Est. reading time\" \/>\n\t<meta name=\"twitter:data1\" content=\"2 minutes\" \/>\n<script type=\"application\/ld+json\" class=\"yoast-schema-graph\">{\"@context\":\"https:\/\/schema.org\",\"@graph\":[{\"@type\":\"WebPage\",\"@id\":\"https:\/\/www.sbsteam.fi\/sv\/tjanster\/hoghusborrning\/\",\"url\":\"https:\/\/www.sbsteam.fi\/sv\/tjanster\/hoghusborrning\/\",\"name\":\"H\u00f6ghusborrning - SBS\",\"isPartOf\":{\"@id\":\"https:\/\/www.sbsteam.fi\/#website\"},\"primaryImageOfPage\":{\"@id\":\"https:\/\/www.sbsteam.fi\/sv\/tjanster\/hoghusborrning\/#primaryimage\"},\"image\":{\"@id\":\"https:\/\/www.sbsteam.fi\/sv\/tjanster\/hoghusborrning\/#primaryimage\"},\"thumbnailUrl\":\"https:\/\/www.sbsteam.fi\/wp-content\/uploads\/2019\/05\/WhatsApp-Image-2019-05-02-at-10.19.20-2-585x390.jpeg\",\"datePublished\":\"2019-05-28T10:09:48+00:00\",\"dateModified\":\"2021-08-31T06:45:58+00:00\",\"breadcrumb\":{\"@id\":\"https:\/\/www.sbsteam.fi\/sv\/tjanster\/hoghusborrning\/#breadcrumb\"},\"inLanguage\":\"sv-SE\",\"potentialAction\":[{\"@type\":\"ReadAction\",\"target\":[\"https:\/\/www.sbsteam.fi\/sv\/tjanster\/hoghusborrning\/\"]}]},{\"@type\":\"ImageObject\",\"inLanguage\":\"sv-SE\",\"@id\":\"https:\/\/www.sbsteam.fi\/sv\/tjanster\/hoghusborrning\/#primaryimage\",\"url\":\"https:\/\/www.sbsteam.fi\/wp-content\/uploads\/2019\/05\/WhatsApp-Image-2019-05-02-at-10.19.20-2-585x390.jpeg\",\"contentUrl\":\"https:\/\/www.sbsteam.fi\/wp-content\/uploads\/2019\/05\/WhatsApp-Image-2019-05-02-at-10.19.20-2-585x390.jpeg\"},{\"@type\":\"BreadcrumbList\",\"@id\":\"https:\/\/www.sbsteam.fi\/sv\/tjanster\/hoghusborrning\/#breadcrumb\",\"itemListElement\":[{\"@type\":\"ListItem\",\"position\":1,\"name\":\"Home\",\"item\":\"https:\/\/www.sbsteam.fi\/sv\/haltagning\/\"},{\"@type\":\"ListItem\",\"position\":2,\"name\":\"Tj\u00e4nster\",\"item\":\"https:\/\/www.sbsteam.fi\/sv\/tjanster\/\"},{\"@type\":\"ListItem\",\"position\":3,\"name\":\"H\u00f6ghusborrning\"}]},{\"@type\":\"WebSite\",\"@id\":\"https:\/\/www.sbsteam.fi\/#website\",\"url\":\"https:\/\/www.sbsteam.fi\/\",\"name\":\"SBS\",\"description\":\"Just another WordPress site\",\"potentialAction\":[{\"@type\":\"SearchAction\",\"target\":{\"@type\":\"EntryPoint\",\"urlTemplate\":\"https:\/\/www.sbsteam.fi\/?s={search_term_string}\"},\"query-input\":{\"@type\":\"PropertyValueSpecification\",\"valueRequired\":true,\"valueName\":\"search_term_string\"}}],\"inLanguage\":\"sv-SE\"}]}<\/script>\n<!-- \/ Yoast SEO plugin. -->","yoast_head_json":{"title":"H\u00f6ghusborrning - SBS","robots":{"index":"index","follow":"follow","max-snippet":"max-snippet:-1","max-image-preview":"max-image-preview:large","max-video-preview":"max-video-preview:-1"},"canonical":"https:\/\/www.sbsteam.fi\/sv\/tjanster\/hoghusborrning\/","og_locale":"sv_SE","og_type":"article","og_title":"H\u00f6ghusborrning - SBS","og_description":"R\u00f6rsaneringsh\u00e5ltagning \u00c4r ditt fastighetsbolag i behov av en r\u00f6rsanering? Eller kanske du jobbar med r\u00f6rsaneringar och vill hitta en v\u00e4rdig samarbetspartner? Boka nu: +358406573320 Vi har specialiserat oss p\u00e5 h\u00e5ltagning f\u00f6r r\u00f6r- och elsaneringar i h\u00f6ghus. Vi har utf\u00f6rt h\u00e5ltagningar i ett tiotal v\u00e5ningshus i olika storlekar det senaste \u00e5ret, i samtliga fall har kunden &hellip; Continued","og_url":"https:\/\/www.sbsteam.fi\/sv\/tjanster\/hoghusborrning\/","og_site_name":"SBS","article_publisher":"https:\/\/www.facebook.com\/sbsteamab","article_modified_time":"2021-08-31T06:45:58+00:00","og_image":[{"url":"https:\/\/www.sbsteam.fi\/wp-content\/uploads\/2019\/05\/WhatsApp-Image-2019-05-02-at-10.19.20-2-585x390.jpeg","type":"","width":"","height":""}],"twitter_card":"summary_large_image","twitter_misc":{"Est. reading time":"2 minutes"},"schema":{"@context":"https:\/\/schema.org","@graph":[{"@type":"WebPage","@id":"https:\/\/www.sbsteam.fi\/sv\/tjanster\/hoghusborrning\/","url":"https:\/\/www.sbsteam.fi\/sv\/tjanster\/hoghusborrning\/","name":"H\u00f6ghusborrning - SBS","isPartOf":{"@id":"https:\/\/www.sbsteam.fi\/#website"},"primaryImageOfPage":{"@id":"https:\/\/www.sbsteam.fi\/sv\/tjanster\/hoghusborrning\/#primaryimage"},"image":{"@id":"https:\/\/www.sbsteam.fi\/sv\/tjanster\/hoghusborrning\/#primaryimage"},"thumbnailUrl":"https:\/\/www.sbsteam.fi\/wp-content\/uploads\/2019\/05\/WhatsApp-Image-2019-05-02-at-10.19.20-2-585x390.jpeg","datePublished":"2019-05-28T10:09:48+00:00","dateModified":"2021-08-31T06:45:58+00:00","breadcrumb":{"@id":"https:\/\/www.sbsteam.fi\/sv\/tjanster\/hoghusborrning\/#breadcrumb"},"inLanguage":"sv-SE","potentialAction":[{"@type":"ReadAction","target":["https:\/\/www.sbsteam.fi\/sv\/tjanster\/hoghusborrning\/"]}]},{"@type":"ImageObject","inLanguage":"sv-SE","@id":"https:\/\/www.sbsteam.fi\/sv\/tjanster\/hoghusborrning\/#primaryimage","url":"https:\/\/www.sbsteam.fi\/wp-content\/uploads\/2019\/05\/WhatsApp-Image-2019-05-02-at-10.19.20-2-585x390.jpeg","contentUrl":"https:\/\/www.sbsteam.fi\/wp-content\/uploads\/2019\/05\/WhatsApp-Image-2019-05-02-at-10.19.20-2-585x390.jpeg"},{"@type":"BreadcrumbList","@id":"https:\/\/www.sbsteam.fi\/sv\/tjanster\/hoghusborrning\/#breadcrumb","itemListElement":[{"@type":"ListItem","position":1,"name":"Home","item":"https:\/\/www.sbsteam.fi\/sv\/haltagning\/"},{"@type":"ListItem","position":2,"name":"Tj\u00e4nster","item":"https:\/\/www.sbsteam.fi\/sv\/tjanster\/"},{"@type":"ListItem","position":3,"name":"H\u00f6ghusborrning"}]},{"@type":"WebSite","@id":"https:\/\/www.sbsteam.fi\/#website","url":"https:\/\/www.sbsteam.fi\/","name":"SBS","description":"Just another WordPress site","potentialAction":[{"@type":"SearchAction","target":{"@type":"EntryPoint","urlTemplate":"https:\/\/www.sbsteam.fi\/?s={search_term_string}"},"query-input":{"@type":"PropertyValueSpecification","valueRequired":true,"valueName":"search_term_string"}}],"inLanguage":"sv-SE"}]}},"jetpack_shortlink":"https:\/\/wp.me\/P70pQC-Jy","jetpack_sharing_enabled":true,"_links":{"self":[{"href":"https:\/\/www.sbsteam.fi\/sv\/wp-json\/wp\/v2\/pages\/2824","targetHints":{"allow":["GET"]}}],"collection":[{"href":"https:\/\/www.sbsteam.fi\/sv\/wp-json\/wp\/v2\/pages"}],"about":[{"href":"https:\/\/www.sbsteam.fi\/sv\/wp-json\/wp\/v2\/types\/page"}],"author":[{"embeddable":true,"href":"https:\/\/www.sbsteam.fi\/sv\/wp-json\/wp\/v2\/users\/1"}],"replies":[{"embeddable":true,"href":"https:\/\/www.sbsteam.fi\/sv\/wp-json\/wp\/v2\/comments?post=2824"}],"version-history":[{"count":5,"href":"https:\/\/www.sbsteam.fi\/sv\/wp-json\/wp\/v2\/pages\/2824\/revisions"}],"predecessor-version":[{"id":3010,"href":"https:\/\/www.sbsteam.fi\/sv\/wp-json\/wp\/v2\/pages\/2824\/revisions\/3010"}],"up":[{"embeddable":true,"href":"https:\/\/www.sbsteam.fi\/sv\/wp-json\/wp\/v2\/pages\/406"}],"wp:attachment":[{"href":"https:\/\/www.sbsteam.fi\/sv\/wp-json\/wp\/v2\/media?parent=2824"}],"curies":[{"name":"wp","href":"https:\/\/api.w.org\/{rel}","templated":true}]}}