{"id":2551,"date":"2018-11-16T13:27:22","date_gmt":"2018-11-16T13:27:22","guid":{"rendered":"https:\/\/www.sbsteam.fi\/?page_id=2551"},"modified":"2025-02-19T14:44:53","modified_gmt":"2025-02-19T12:44:53","slug":"rekrytering","status":"publish","type":"page","link":"https:\/\/www.sbsteam.fi\/sv\/rekrytering\/","title":{"rendered":"Jobba hos oss"},"content":{"rendered":"<div  class=\"tatsu-hcwyy9i8o6ap52g8 tatsu-section  tatsu-bg-overlay   tatsu-clearfix\" data-title=\"\"  data-headerscheme=\"background--dark\"><div class='tatsu-section-pad clearfix' data-padding='{\"d\":\"90px 0px 90px 0px\"}' data-padding-top='90px'><div class=\"tatsu-row-wrap  tatsu-wrap tatsu-row-one-col tatsu-row-has-one-cols tatsu-medium-gutter tatsu-reg-cols  tatsu-clearfix tatsu-hcwyy9i8prdghunb\" ><div  class=\"tatsu-row \" ><div  class=\"tatsu-column  tatsu-bg-overlay tatsu-one-col tatsu-column-image-none tatsu-column-effect-none  tatsu-hcwyy9i8r38g5o2l\"  data-parallax-speed=\"0\" style=\"\"><div class=\"tatsu-column-inner \" ><div class=\"tatsu-column-pad-wrap\"><div class=\"tatsu-column-pad\" ><div  class=\"tatsu-module tatsu-text-block-wrap tatsu-hcwyy9i8sc6y21fo  \"><div class=\"tatsu-text-inner tatsu-align-center  clearfix\" ><style>.tatsu-hcwyy9i8sc6y21fo.tatsu-text-block-wrap .tatsu-text-inner{width: 100%;text-align: left;}<\/style>\n<div class=\"row\">\n<div class=\"col-sm-8\" style=\"margin-bottom: 30px;\">\u00a0<\/div>\n<div class=\"col-sm-6\" style=\"margin-bottom: 30px;\">SBS Team jobbar med betongh\u00e5ltagning och rivning. Vi \u00e4r alltid p\u00e5 jakt efter motvierade personer som kan f\u00f6rst\u00e4rka v\u00e5r verksamhet. I v\u00e5r organisation har alla m\u00f6jlighet att v\u00e4xa i sin roll och tillsammans utvecklar vi f\u00f6retaget. Vi erbjuder en fin vi-anda och en s\u00e4ker arbetsplats. I en tidspressad bransch vill vi underl\u00e4tta vardagen f\u00f6r kunderna genom leveranss\u00e4kerhet och kvalitet.<\/p>\n<p><a class=\"btn btn-default visible-xs visible-sm\" style=\"font-weight: 400; margin-right: 10px;\" href=\"#form\"><strong>Ans\u00f6k h\u00e4r<\/strong><\/a><\/p>\n<p>Ifall vi f\u00f6r tillf\u00e4llet inte har n\u00e5gon \u00f6ppen ans\u00f6kan som verkar passa just dig s\u00e5 kan du \u00e4nd\u00e5 h\u00f6ra av dig till Lukas p\u00e5 <a href=\"tel:0406573320\">0406573320<\/a>\u00a0eller <a href=\"mailto:lukas@sbsteam.fi\">lukas@sbsteam.fi<\/a><\/p>\n<p><img loading=\"lazy\" decoding=\"async\" class=\"alignnone size-medium wp-image-2579\" src=\"https:\/\/www.sbsteam.fi\/wp-content\/uploads\/2018\/11\/Ska\u0308rmavbild-2018-11-21-kl.-10.34.40-585x266.png\" alt=\"\" width=\"585\" height=\"266\" srcset=\"https:\/\/www.sbsteam.fi\/wp-content\/uploads\/2018\/11\/Ska\u0308rmavbild-2018-11-21-kl.-10.34.40-585x266.png 585w, https:\/\/www.sbsteam.fi\/wp-content\/uploads\/2018\/11\/Ska\u0308rmavbild-2018-11-21-kl.-10.34.40-768x349.png 768w, https:\/\/www.sbsteam.fi\/wp-content\/uploads\/2018\/11\/Ska\u0308rmavbild-2018-11-21-kl.-10.34.40-1170x532.png 1170w, https:\/\/www.sbsteam.fi\/wp-content\/uploads\/2018\/11\/Ska\u0308rmavbild-2018-11-21-kl.-10.34.40.png 1724w\" sizes=\"auto, (max-width: 585px) 100vw, 585px\" \/><\/p>\n<h3>SBS Team som arbetsplats<\/h3>\n<p>SBS Team \u00e4r en arbetsplats d\u00e4r vi jobbar t\u00e4tt tillsammans i sm\u00e5 team och l\u00e4r k\u00e4nna varandra v\u00e4l. Arbetet \u00e4r kr\u00e4vande, b\u00e5de fysiskt och intellektuellt eftersom m\u00e5nga andra entrepren\u00f6rers insats h\u00e4nger p\u00e5 att vi g\u00f6r v\u00e5rt jobb noggrant och effektivt.<\/p>\n<p>D\u00e5 alla medarbetare \u00e4r v\u00e4l ink\u00f6rda i v\u00e5ra processer sker arbetet s\u00e4kert. Ett v\u00e4lfungerande samarbete inom teamet \u00e4r ocks\u00e5 avg\u00f6rande f\u00f6r att vi ska lyckas med v\u00e5ra projekt. Om olyckan \u00e4nd\u00e5 \u00e4r framme har vi omfattande f\u00f6rs\u00e4kringar som t\u00e4cker alla eventualiteter.<\/p>\n<p>Vi satsar p\u00e5 v\u00e5ra anst\u00e4llda och sk\u00f6ter om allas h\u00e4lsa genom att st\u00f6da motion och erbjuder massage efter behov. Vi ordnar tv\u00e5 fester per \u00e5r och vill att alla ska trivas i v\u00e5r gemenskap.<\/p>\n<h3>Lediga tj\u00e4nster just nu<\/h3>\n<p>F\u00f6r tillf\u00e4llet finns inga lediga tj\u00e4nster hos oss, men du kan \u00e4nd\u00e5 alltid h\u00f6ra av dig om du \u00e4r intresserad av att jobba hos oss! Jobbet passar dig som trivs med praktiska uppgifter p\u00e5 f\u00e4ltet, inte \u00e4r fr\u00e4mmande f\u00f6r maskinservice och -underh\u00e5ll och har minst B-k\u00f6rtkort. BE- och C1E-k\u00f6rkort ses som merit, likas\u00e5 erfarenhet av byggnads- eller jordbyggnadsarbeten. Du pratar finska och\/eller svenska.<\/p>\n<p>Ta kontakt om du \u00e4r intresserad! Skicka ditt CV eller meritf\u00f6rteckning till <a href=\"mailto:lukas@sbsteam.fi\">lukas@sbsteam.fi<\/a>.<\/p>\n<div id=\"form\">\u00a0<\/div>\n<\/div>\n<div class=\"col-sm-6\" style=\"margin-bottom: 30px;\">\u00a0<\/div>\n<\/div>\n<\/div><\/div><\/div><\/div><div class = \"tatsu-column-bg-image-wrap\"><div class = \"tatsu-column-bg-image\" ><\/div><\/div><div class=\"tatsu-overlay tatsu-column-overlay tatsu-animate-none\" ><\/div><\/div><style>.tatsu-row > .tatsu-hcwyy9i8r38g5o2l.tatsu-column{width: 100%;}.tatsu-hcwyy9i8r38g5o2l.tatsu-column > .tatsu-column-inner > .tatsu-column-overlay{mix-blend-mode: normal;}.tatsu-hcwyy9i8r38g5o2l > .tatsu-column-inner > .tatsu-top-divider{z-index: 9999;}.tatsu-hcwyy9i8r38g5o2l > .tatsu-column-inner > .tatsu-bottom-divider{z-index: 9999;}.tatsu-hcwyy9i8r38g5o2l > .tatsu-column-inner > .tatsu-left-divider{z-index: 9999;}.tatsu-hcwyy9i8r38g5o2l > .tatsu-column-inner > .tatsu-right-divider{z-index: 9999;}<\/style><\/div><\/div><\/div><\/div><div class=\"tatsu-section-background-wrap\"><div class = \"tatsu-section-background\" ><\/div><\/div><div class=\"tatsu-overlay tatsu-section-overlay\"><\/div><style>.tatsu-hcwyy9i8o6ap52g8 .tatsu-section-pad{padding: 90px 0px 90px 0px;}.tatsu-hcwyy9i8o6ap52g8 > .tatsu-bottom-divider{z-index: 9999;}.tatsu-hcwyy9i8o6ap52g8 > .tatsu-top-divider{z-index: 9999;}.tatsu-hcwyy9i8o6ap52g8 .tatsu-section-overlay{mix-blend-mode: normal;}<\/style><\/div>\n","protected":false},"excerpt":{"rendered":"","protected":false},"author":5,"featured_media":55,"parent":0,"menu_order":0,"comment_status":"closed","ping_status":"closed","template":"","meta":{"_acf_changed":false,"footnotes":""},"class_list":["post-2551","page","type-page","status-publish","has-post-thumbnail","hentry"],"acf":[],"yoast_head":"<!-- This site is optimized with the Yoast SEO plugin v24.4 - https:\/\/yoast.com\/wordpress\/plugins\/seo\/ -->\n<title>Jobba hos oss - SBS<\/title>\n<meta name=\"robots\" content=\"index, follow, max-snippet:-1, max-image-preview:large, max-video-preview:-1\" \/>\n<link rel=\"canonical\" href=\"https:\/\/www.sbsteam.fi\/sv\/rekrytering\/\" \/>\n<meta property=\"og:locale\" content=\"sv_SE\" \/>\n<meta property=\"og:type\" content=\"article\" \/>\n<meta property=\"og:title\" content=\"Jobba hos oss - SBS\" \/>\n<meta property=\"og:url\" content=\"https:\/\/www.sbsteam.fi\/sv\/rekrytering\/\" \/>\n<meta property=\"og:site_name\" content=\"SBS\" \/>\n<meta property=\"article:publisher\" content=\"https:\/\/www.facebook.com\/sbsteamab\" \/>\n<meta property=\"article:modified_time\" content=\"2025-02-19T12:44:53+00:00\" \/>\n<meta property=\"og:image\" content=\"https:\/\/www.sbsteam.fi\/wp-content\/uploads\/2015\/06\/sbs-team-timanttiporaus-timanttisahaus-5-1170x780.jpg\" \/>\n\t<meta property=\"og:image:width\" content=\"1170\" \/>\n\t<meta property=\"og:image:height\" content=\"780\" \/>\n\t<meta property=\"og:image:type\" content=\"image\/jpeg\" \/>\n<meta name=\"twitter:card\" content=\"summary_large_image\" \/>\n<meta name=\"twitter:label1\" content=\"Est. reading time\" \/>\n\t<meta name=\"twitter:data1\" content=\"2 minutes\" \/>\n<script type=\"application\/ld+json\" class=\"yoast-schema-graph\">{\"@context\":\"https:\/\/schema.org\",\"@graph\":[{\"@type\":\"WebPage\",\"@id\":\"https:\/\/www.sbsteam.fi\/sv\/rekrytering\/\",\"url\":\"https:\/\/www.sbsteam.fi\/sv\/rekrytering\/\",\"name\":\"Jobba hos oss - SBS\",\"isPartOf\":{\"@id\":\"https:\/\/www.sbsteam.fi\/#website\"},\"primaryImageOfPage\":{\"@id\":\"https:\/\/www.sbsteam.fi\/sv\/rekrytering\/#primaryimage\"},\"image\":{\"@id\":\"https:\/\/www.sbsteam.fi\/sv\/rekrytering\/#primaryimage\"},\"thumbnailUrl\":\"https:\/\/www.sbsteam.fi\/wp-content\/uploads\/2015\/06\/sbs-team-timanttiporaus-timanttisahaus-5.jpg\",\"datePublished\":\"2018-11-16T13:27:22+00:00\",\"dateModified\":\"2025-02-19T12:44:53+00:00\",\"breadcrumb\":{\"@id\":\"https:\/\/www.sbsteam.fi\/sv\/rekrytering\/#breadcrumb\"},\"inLanguage\":\"sv-SE\",\"potentialAction\":[{\"@type\":\"ReadAction\",\"target\":[\"https:\/\/www.sbsteam.fi\/sv\/rekrytering\/\"]}]},{\"@type\":\"ImageObject\",\"inLanguage\":\"sv-SE\",\"@id\":\"https:\/\/www.sbsteam.fi\/sv\/rekrytering\/#primaryimage\",\"url\":\"https:\/\/www.sbsteam.fi\/wp-content\/uploads\/2015\/06\/sbs-team-timanttiporaus-timanttisahaus-5.jpg\",\"contentUrl\":\"https:\/\/www.sbsteam.fi\/wp-content\/uploads\/2015\/06\/sbs-team-timanttiporaus-timanttisahaus-5.jpg\",\"width\":4571,\"height\":3047,\"caption\":\"sbs-team-timanttiporaus-timanttisahaus-5\"},{\"@type\":\"BreadcrumbList\",\"@id\":\"https:\/\/www.sbsteam.fi\/sv\/rekrytering\/#breadcrumb\",\"itemListElement\":[{\"@type\":\"ListItem\",\"position\":1,\"name\":\"Home\",\"item\":\"https:\/\/www.sbsteam.fi\/sv\/haltagning\/\"},{\"@type\":\"ListItem\",\"position\":2,\"name\":\"Jobba hos oss\"}]},{\"@type\":\"WebSite\",\"@id\":\"https:\/\/www.sbsteam.fi\/#website\",\"url\":\"https:\/\/www.sbsteam.fi\/\",\"name\":\"SBS\",\"description\":\"Just another WordPress site\",\"potentialAction\":[{\"@type\":\"SearchAction\",\"target\":{\"@type\":\"EntryPoint\",\"urlTemplate\":\"https:\/\/www.sbsteam.fi\/?s={search_term_string}\"},\"query-input\":{\"@type\":\"PropertyValueSpecification\",\"valueRequired\":true,\"valueName\":\"search_term_string\"}}],\"inLanguage\":\"sv-SE\"}]}<\/script>\n<!-- \/ Yoast SEO plugin. -->","yoast_head_json":{"title":"Jobba hos oss - SBS","robots":{"index":"index","follow":"follow","max-snippet":"max-snippet:-1","max-image-preview":"max-image-preview:large","max-video-preview":"max-video-preview:-1"},"canonical":"https:\/\/www.sbsteam.fi\/sv\/rekrytering\/","og_locale":"sv_SE","og_type":"article","og_title":"Jobba hos oss - SBS","og_url":"https:\/\/www.sbsteam.fi\/sv\/rekrytering\/","og_site_name":"SBS","article_publisher":"https:\/\/www.facebook.com\/sbsteamab","article_modified_time":"2025-02-19T12:44:53+00:00","og_image":[{"width":1170,"height":780,"url":"https:\/\/www.sbsteam.fi\/wp-content\/uploads\/2015\/06\/sbs-team-timanttiporaus-timanttisahaus-5-1170x780.jpg","type":"image\/jpeg"}],"twitter_card":"summary_large_image","twitter_misc":{"Est. reading time":"2 minutes"},"schema":{"@context":"https:\/\/schema.org","@graph":[{"@type":"WebPage","@id":"https:\/\/www.sbsteam.fi\/sv\/rekrytering\/","url":"https:\/\/www.sbsteam.fi\/sv\/rekrytering\/","name":"Jobba hos oss - SBS","isPartOf":{"@id":"https:\/\/www.sbsteam.fi\/#website"},"primaryImageOfPage":{"@id":"https:\/\/www.sbsteam.fi\/sv\/rekrytering\/#primaryimage"},"image":{"@id":"https:\/\/www.sbsteam.fi\/sv\/rekrytering\/#primaryimage"},"thumbnailUrl":"https:\/\/www.sbsteam.fi\/wp-content\/uploads\/2015\/06\/sbs-team-timanttiporaus-timanttisahaus-5.jpg","datePublished":"2018-11-16T13:27:22+00:00","dateModified":"2025-02-19T12:44:53+00:00","breadcrumb":{"@id":"https:\/\/www.sbsteam.fi\/sv\/rekrytering\/#breadcrumb"},"inLanguage":"sv-SE","potentialAction":[{"@type":"ReadAction","target":["https:\/\/www.sbsteam.fi\/sv\/rekrytering\/"]}]},{"@type":"ImageObject","inLanguage":"sv-SE","@id":"https:\/\/www.sbsteam.fi\/sv\/rekrytering\/#primaryimage","url":"https:\/\/www.sbsteam.fi\/wp-content\/uploads\/2015\/06\/sbs-team-timanttiporaus-timanttisahaus-5.jpg","contentUrl":"https:\/\/www.sbsteam.fi\/wp-content\/uploads\/2015\/06\/sbs-team-timanttiporaus-timanttisahaus-5.jpg","width":4571,"height":3047,"caption":"sbs-team-timanttiporaus-timanttisahaus-5"},{"@type":"BreadcrumbList","@id":"https:\/\/www.sbsteam.fi\/sv\/rekrytering\/#breadcrumb","itemListElement":[{"@type":"ListItem","position":1,"name":"Home","item":"https:\/\/www.sbsteam.fi\/sv\/haltagning\/"},{"@type":"ListItem","position":2,"name":"Jobba hos oss"}]},{"@type":"WebSite","@id":"https:\/\/www.sbsteam.fi\/#website","url":"https:\/\/www.sbsteam.fi\/","name":"SBS","description":"Just another WordPress site","potentialAction":[{"@type":"SearchAction","target":{"@type":"EntryPoint","urlTemplate":"https:\/\/www.sbsteam.fi\/?s={search_term_string}"},"query-input":{"@type":"PropertyValueSpecification","valueRequired":true,"valueName":"search_term_string"}}],"inLanguage":"sv-SE"}]}},"jetpack_shortlink":"https:\/\/wp.me\/P70pQC-F9","jetpack_sharing_enabled":true,"_links":{"self":[{"href":"https:\/\/www.sbsteam.fi\/sv\/wp-json\/wp\/v2\/pages\/2551","targetHints":{"allow":["GET"]}}],"collection":[{"href":"https:\/\/www.sbsteam.fi\/sv\/wp-json\/wp\/v2\/pages"}],"about":[{"href":"https:\/\/www.sbsteam.fi\/sv\/wp-json\/wp\/v2\/types\/page"}],"author":[{"embeddable":true,"href":"https:\/\/www.sbsteam.fi\/sv\/wp-json\/wp\/v2\/users\/5"}],"replies":[{"embeddable":true,"href":"https:\/\/www.sbsteam.fi\/sv\/wp-json\/wp\/v2\/comments?post=2551"}],"version-history":[{"count":40,"href":"https:\/\/www.sbsteam.fi\/sv\/wp-json\/wp\/v2\/pages\/2551\/revisions"}],"predecessor-version":[{"id":3287,"href":"https:\/\/www.sbsteam.fi\/sv\/wp-json\/wp\/v2\/pages\/2551\/revisions\/3287"}],"wp:featuredmedia":[{"embeddable":true,"href":"https:\/\/www.sbsteam.fi\/sv\/wp-json\/wp\/v2\/media\/55"}],"wp:attachment":[{"href":"https:\/\/www.sbsteam.fi\/sv\/wp-json\/wp\/v2\/media?parent=2551"}],"curies":[{"name":"wp","href":"https:\/\/api.w.org\/{rel}","templated":true}]}}