{"id":2253,"date":"2017-01-09T06:23:39","date_gmt":"2017-01-09T06:23:39","guid":{"rendered":"https:\/\/www.sbsteam.fi\/?page_id=2253\/"},"modified":"2017-01-09T06:37:22","modified_gmt":"2017-01-09T06:37:22","slug":"diamantsagning-och-diamantborrning-seinajoki","status":"publish","type":"page","link":"https:\/\/www.sbsteam.fi\/sv\/haltagning\/diamantsagning-och-diamantborrning-seinajoki\/","title":{"rendered":"Diamants\u00e5gning och diamantborrning i Sein\u00e4joki"},"content":{"rendered":"<div class=\"row\">\n<div class=\"col-md-6\">\n<p><strong>\u00c4r ditt f\u00f6retag i behov av nya h\u00e5ltagningar? Planerar du bygga ut vardagsrummet hemma? D\u00e5 har du hittat r\u00e4tt f\u00f6retag! Vi p\u00e5 SBS Team \u00e4r specialister p\u00e5 h\u00e5ltagningar i betong, och vi hj\u00e4lper dig g\u00e4rna med b\u00e5de nybyggnationer och renoveringar. Sedan vi startade \u00e5r 2009 har vi samlat p\u00e5 oss en l\u00e5ng lista med n\u00f6jda kunder i b\u00e5de Finland och Sverige. V\u00e5rt f\u00f6retag v\u00e4xer snabbt, och nu \u00f6ppnar vi upp en ny verksamhetspunkt f\u00f6r diamants\u00e5gning och diamantborrning i Sein\u00e4joki!<\/strong><\/p>\n<h3><b>Experter p\u00e5 h\u00e5ltagning och s\u00e5gning i betong<\/b><\/h3>\n<p>Vid byggnation och reparationer med betong \u00e4r h\u00e5ltagning i efterhand alltid att f\u00f6redra. Vi p\u00e5 SBS Team har valt att specialisera oss p\u00e5 just detta. Vi tar hand om kapning av pelare och balkar, h\u00e5ltagningar f\u00f6r VVS- och elinstallationer, borrning f\u00f6r r\u00e4cken och belysningsstolpar, s\u00f6mborrning f\u00f6r borttagning av gr\u00f6vre betongkonstruktioner, med mera. Ett exempel p\u00e5 uppdrag vid renovering av fastigheter \u00e4r upps\u00e5gning av hisschakt i trapphus, eller nya sophanteringsinstallationer. Vi utf\u00f6r diamantborrning i Sein\u00e4joki\u00a0fr\u00e5n 20 till 730 mm i diameter och diamants\u00e5gning i upp till 74 cm. Tack vare v\u00e5ra moderna verktyg klarar vi enkelt av h\u00e5ltagningar i tak, v\u00e4ggar och golv. Vi tar oss dessutom g\u00e4rna an nya utmaningar!<\/p>\n<h3><b>F\u00f6rdelarna med v\u00e5ra tj\u00e4nster<\/b><\/h3>\n<p>Tack vare den toppmoderna utrustningen kan vi erbjuda effektivare, renare, exaktare, och dessutom ett mer ekonomiskt urval av tj\u00e4nster \u00e4n v\u00e5ra konkurrenter. Till skillnad fr\u00e5n traditionella metoder av h\u00e5ltagning, s\u00e5som bilning eller h\u00e5ltagning med ursp\u00e5rningar, slipper vi skada den omkringvarande strukturen. Med v\u00e5ra vattenkylda diamantverktyg kan vi dessutom n\u00e4stan helt eliminera dammbildningen under arbetets g\u00e5ng. Detta \u00e4r speciellt viktigt n\u00e4r arbetet m\u00e5ste utf\u00f6ras utan att p\u00e5verka den \u00f6vriga verksamheten i omr\u00e5det.<\/p>\n<h3><b>Kvaliteten i fokus<\/b><\/h3>\n<p>Vi p\u00e5 SBS Team utf\u00f6r v\u00e5rt arbete med stolthet. Vi anser att endast det b\u00e4sta \u00e4r gott nog, och d\u00e4rf\u00f6r investerar vi kontinuerligt i v\u00e5r personals yrkeskunnighet och arbetss\u00e4kerhet. Bekanta dig mer med v\u00e5ra tj\u00e4nster nedan, eller kontakta oss med dina byggplaner. Vi hj\u00e4lper dig sk\u00f6ta planeringen, och kan b\u00f6rja fila p\u00e5 en offert redan idag!<\/p>\n<p><a class=\"btn btn-default\" style=\"font-weight: 400; margin-right: 10px;\" href=\"https:\/\/www.sbsteam.fi\/sv\/tjanster\/\"><strong>Alla tj\u00e4nster<\/strong><\/a><a class=\"btn btn-default\" style=\"font-weight: 400; margin-right: 10px;\" href=\"https:\/\/www.sbsteam.fi\/sv\/referenser\/\"><strong>Alla referenser<\/strong><\/a><a class=\"btn btn-default\" style=\"font-weight: 400; margin-right: 10px;\" href=\"https:\/\/www.sbsteam.fi\/sv\/kontakt\/\"><strong>Kontakt<\/strong><\/a><\/p>\n<\/div>\n<div class=\"col-md-6\">\n<p><img loading=\"lazy\" decoding=\"async\" class=\"alignnone size-medium wp-image-161\" src=\"https:\/\/www.sbsteam.fi\/wp-content\/uploads\/2015\/06\/front3-585x198.jpg\" alt=\"Timanttisahaus ja Timanttiporauspalvelut - Sbs team ab\" width=\"585\" height=\"198\" srcset=\"https:\/\/www.sbsteam.fi\/wp-content\/uploads\/2015\/06\/front3-585x198.jpg 585w, https:\/\/www.sbsteam.fi\/wp-content\/uploads\/2015\/06\/front3-1170x396.jpg 1170w, https:\/\/www.sbsteam.fi\/wp-content\/uploads\/2015\/06\/front3.jpg 1920w\" sizes=\"auto, (max-width: 585px) 100vw, 585px\" \/><br \/>\n\n<div class=\"wpcf7 no-js\" id=\"wpcf7-f1426-o1\" lang=\"sv-SE\" dir=\"ltr\" data-wpcf7-id=\"1426\">\n<div class=\"screen-reader-response\"><p role=\"status\" aria-live=\"polite\" aria-atomic=\"true\"><\/p> <ul><\/ul><\/div>\n<form action=\"\/sv\/wp-json\/wp\/v2\/pages\/2253#wpcf7-f1426-o1\" method=\"post\" class=\"wpcf7-form init\" aria-label=\"Contact form\" novalidate=\"novalidate\" data-status=\"init\">\n<fieldset class=\"hidden-fields-container\"><input type=\"hidden\" name=\"_wpcf7\" value=\"1426\" \/><input type=\"hidden\" name=\"_wpcf7_version\" value=\"6.1.5\" \/><input type=\"hidden\" name=\"_wpcf7_locale\" value=\"sv_SE\" \/><input type=\"hidden\" name=\"_wpcf7_unit_tag\" value=\"wpcf7-f1426-o1\" \/><input type=\"hidden\" name=\"_wpcf7_container_post\" value=\"0\" \/><input type=\"hidden\" name=\"_wpcf7_posted_data_hash\" value=\"\" \/><input type=\"hidden\" name=\"_wpcf7_recaptcha_response\" value=\"\" \/>\n<\/fieldset>\n<p><span class=\"wpcf7-form-control-wrap\" data-name=\"your-name\"><input size=\"40\" maxlength=\"400\" class=\"wpcf7-form-control wpcf7-text wpcf7-validates-as-required form-control\" aria-required=\"true\" aria-invalid=\"false\" placeholder=\"Ditt namn\" value=\"\" type=\"text\" name=\"your-name\" \/><\/span>\n<\/p>\n<p><span class=\"wpcf7-form-control-wrap\" data-name=\"your-email\"><input size=\"40\" maxlength=\"400\" class=\"wpcf7-form-control wpcf7-email wpcf7-validates-as-required wpcf7-text wpcf7-validates-as-email form-control\" aria-required=\"true\" aria-invalid=\"false\" placeholder=\"E-post\" value=\"\" type=\"email\" name=\"your-email\" \/><\/span>\n<\/p>\n<p><span class=\"wpcf7-form-control-wrap\" data-name=\"tel-651\"><input size=\"40\" maxlength=\"400\" class=\"wpcf7-form-control wpcf7-tel wpcf7-text wpcf7-validates-as-tel form-control\" aria-invalid=\"false\" placeholder=\"Telefonnummer\" value=\"\" type=\"tel\" name=\"tel-651\" \/><\/span>\n<\/p>\n<p><span class=\"wpcf7-form-control-wrap\" data-name=\"your-subject\"><input size=\"40\" maxlength=\"400\" class=\"wpcf7-form-control wpcf7-text form-control\" aria-invalid=\"false\" placeholder=\"Rubrik\" value=\"\" type=\"text\" name=\"your-subject\" \/><\/span>\n<\/p>\n<p><span class=\"wpcf7-form-control-wrap\" data-name=\"your-message\"><textarea cols=\"40\" rows=\"10\" maxlength=\"2000\" class=\"wpcf7-form-control wpcf7-textarea form-control\" aria-invalid=\"false\" placeholder=\"Meddelande\" name=\"your-message\"><\/textarea><\/span>\n<\/p>\n<p><input class=\"wpcf7-form-control wpcf7-submit has-spinner btn btn-default\" type=\"submit\" value=\"Skicka\" \/>\n<\/p>\n<p><span id=\"wpcf7-69f30abfb8f76-wrapper\" class=\"wpcf7-form-control-wrap message-wrap\" style=\"display:none !important; visibility:hidden !important;\"><label for=\"wpcf7-69f30abfb8f76-field\" class=\"hp-message\">Please leave this field empty.<\/label><input id=\"wpcf7-69f30abfb8f76-field\"  class=\"wpcf7-form-control wpcf7-text\" type=\"text\" name=\"message\" value=\"\" size=\"40\" tabindex=\"-1\" autocomplete=\"new-password\" \/><\/span>\n<\/p>\n<p style=\"display: none !important;\" class=\"akismet-fields-container\" data-prefix=\"_wpcf7_ak_\"><label>&#916;<textarea name=\"_wpcf7_ak_hp_textarea\" cols=\"45\" rows=\"8\" maxlength=\"100\"><\/textarea><\/label><input type=\"hidden\" id=\"ak_js_1\" name=\"_wpcf7_ak_js\" value=\"43\"\/><script type=\"text\/javascript\">\n\/* <![CDATA[ *\/\ndocument.getElementById( \"ak_js_1\" ).setAttribute( \"value\", ( new Date() ).getTime() );\n\/* ]]> *\/\n<\/script>\n<\/p><div class=\"wpcf7-response-output\" aria-hidden=\"true\"><\/div>\n<\/form>\n<\/div>\n<\/p>\n<\/div>\n<\/div>\n","protected":false},"excerpt":{"rendered":"<p>\u00c4r ditt f\u00f6retag i behov av nya h\u00e5ltagningar? Planerar du bygga ut vardagsrummet hemma? D\u00e5 har du hittat r\u00e4tt f\u00f6retag! Vi p\u00e5 SBS Team \u00e4r specialister p\u00e5 h\u00e5ltagningar i betong, och vi hj\u00e4lper dig g\u00e4rna med b\u00e5de nybyggnationer och renoveringar. Sedan vi startade \u00e5r 2009 har vi samlat p\u00e5 oss en l\u00e5ng lista med n\u00f6jda &hellip; <a href=\"https:\/\/www.sbsteam.fi\/sv\/haltagning\/diamantsagning-och-diamantborrning-seinajoki\/\">Continued<\/a><\/p>\n","protected":false},"author":4,"featured_media":0,"parent":279,"menu_order":0,"comment_status":"closed","ping_status":"closed","template":"","meta":{"_acf_changed":false,"footnotes":""},"class_list":["post-2253","page","type-page","status-publish","hentry"],"acf":[],"yoast_head":"<!-- This site is optimized with the Yoast SEO plugin v24.4 - https:\/\/yoast.com\/wordpress\/plugins\/seo\/ -->\n<title>Diamants\u00e5gning och diamantborrning i Sein\u00e4joki - SBS Team Ab<\/title>\n<meta name=\"description\" content=\"L\u00e5t proffsen sk\u00f6ta dina betongh\u00e5ltagningar. Nu erbjuder SBS Team f\u00f6rstklassig diamants\u00e5gning och diamantborrning i Sein\u00e4joki!\" \/>\n<meta name=\"robots\" content=\"index, follow, max-snippet:-1, max-image-preview:large, max-video-preview:-1\" \/>\n<link rel=\"canonical\" href=\"https:\/\/www.sbsteam.fi\/sv\/haltagning\/diamantsagning-och-diamantborrning-seinajoki\/\" \/>\n<meta property=\"og:locale\" content=\"sv_SE\" \/>\n<meta property=\"og:type\" content=\"article\" \/>\n<meta property=\"og:title\" content=\"Diamants\u00e5gning och diamantborrning i Sein\u00e4joki - SBS Team Ab\" \/>\n<meta property=\"og:description\" content=\"L\u00e5t proffsen sk\u00f6ta dina betongh\u00e5ltagningar. Nu erbjuder SBS Team f\u00f6rstklassig diamants\u00e5gning och diamantborrning i Sein\u00e4joki!\" \/>\n<meta property=\"og:url\" content=\"https:\/\/www.sbsteam.fi\/sv\/haltagning\/diamantsagning-och-diamantborrning-seinajoki\/\" \/>\n<meta property=\"og:site_name\" content=\"SBS\" \/>\n<meta property=\"article:publisher\" content=\"https:\/\/www.facebook.com\/sbsteamab\" \/>\n<meta property=\"article:modified_time\" content=\"2017-01-09T06:37:22+00:00\" \/>\n<meta property=\"og:image\" content=\"https:\/\/www.sbsteam.fi\/wp-content\/uploads\/2015\/06\/front3-585x198.jpg\" \/>\n<meta name=\"twitter:card\" content=\"summary_large_image\" \/>\n<meta name=\"twitter:label1\" content=\"Est. reading time\" \/>\n\t<meta name=\"twitter:data1\" content=\"2 minutes\" \/>\n<script type=\"application\/ld+json\" class=\"yoast-schema-graph\">{\"@context\":\"https:\/\/schema.org\",\"@graph\":[{\"@type\":\"WebPage\",\"@id\":\"https:\/\/www.sbsteam.fi\/sv\/haltagning\/diamantsagning-och-diamantborrning-seinajoki\/\",\"url\":\"https:\/\/www.sbsteam.fi\/sv\/haltagning\/diamantsagning-och-diamantborrning-seinajoki\/\",\"name\":\"Diamants\u00e5gning och diamantborrning i Sein\u00e4joki - SBS Team Ab\",\"isPartOf\":{\"@id\":\"https:\/\/www.sbsteam.fi\/#website\"},\"primaryImageOfPage\":{\"@id\":\"https:\/\/www.sbsteam.fi\/sv\/haltagning\/diamantsagning-och-diamantborrning-seinajoki\/#primaryimage\"},\"image\":{\"@id\":\"https:\/\/www.sbsteam.fi\/sv\/haltagning\/diamantsagning-och-diamantborrning-seinajoki\/#primaryimage\"},\"thumbnailUrl\":\"https:\/\/www.sbsteam.fi\/wp-content\/uploads\/2015\/06\/front3-585x198.jpg\",\"datePublished\":\"2017-01-09T06:23:39+00:00\",\"dateModified\":\"2017-01-09T06:37:22+00:00\",\"description\":\"L\u00e5t proffsen sk\u00f6ta dina betongh\u00e5ltagningar. Nu erbjuder SBS Team f\u00f6rstklassig diamants\u00e5gning och diamantborrning i Sein\u00e4joki!\",\"breadcrumb\":{\"@id\":\"https:\/\/www.sbsteam.fi\/sv\/haltagning\/diamantsagning-och-diamantborrning-seinajoki\/#breadcrumb\"},\"inLanguage\":\"sv-SE\",\"potentialAction\":[{\"@type\":\"ReadAction\",\"target\":[\"https:\/\/www.sbsteam.fi\/sv\/haltagning\/diamantsagning-och-diamantborrning-seinajoki\/\"]}]},{\"@type\":\"ImageObject\",\"inLanguage\":\"sv-SE\",\"@id\":\"https:\/\/www.sbsteam.fi\/sv\/haltagning\/diamantsagning-och-diamantborrning-seinajoki\/#primaryimage\",\"url\":\"https:\/\/www.sbsteam.fi\/wp-content\/uploads\/2015\/06\/front3-585x198.jpg\",\"contentUrl\":\"https:\/\/www.sbsteam.fi\/wp-content\/uploads\/2015\/06\/front3-585x198.jpg\"},{\"@type\":\"BreadcrumbList\",\"@id\":\"https:\/\/www.sbsteam.fi\/sv\/haltagning\/diamantsagning-och-diamantborrning-seinajoki\/#breadcrumb\",\"itemListElement\":[{\"@type\":\"ListItem\",\"position\":1,\"name\":\"Home\",\"item\":\"https:\/\/www.sbsteam.fi\/sv\/haltagning\/\"},{\"@type\":\"ListItem\",\"position\":2,\"name\":\"SBS-Team\",\"item\":\"https:\/\/www.sbsteam.fi\/sv\/haltagning\/\"},{\"@type\":\"ListItem\",\"position\":3,\"name\":\"Diamants\u00e5gning och diamantborrning i Sein\u00e4joki\"}]},{\"@type\":\"WebSite\",\"@id\":\"https:\/\/www.sbsteam.fi\/#website\",\"url\":\"https:\/\/www.sbsteam.fi\/\",\"name\":\"SBS\",\"description\":\"Just another WordPress site\",\"potentialAction\":[{\"@type\":\"SearchAction\",\"target\":{\"@type\":\"EntryPoint\",\"urlTemplate\":\"https:\/\/www.sbsteam.fi\/?s={search_term_string}\"},\"query-input\":{\"@type\":\"PropertyValueSpecification\",\"valueRequired\":true,\"valueName\":\"search_term_string\"}}],\"inLanguage\":\"sv-SE\"}]}<\/script>\n<!-- \/ Yoast SEO plugin. -->","yoast_head_json":{"title":"Diamants\u00e5gning och diamantborrning i Sein\u00e4joki - SBS Team Ab","description":"L\u00e5t proffsen sk\u00f6ta dina betongh\u00e5ltagningar. Nu erbjuder SBS Team f\u00f6rstklassig diamants\u00e5gning och diamantborrning i Sein\u00e4joki!","robots":{"index":"index","follow":"follow","max-snippet":"max-snippet:-1","max-image-preview":"max-image-preview:large","max-video-preview":"max-video-preview:-1"},"canonical":"https:\/\/www.sbsteam.fi\/sv\/haltagning\/diamantsagning-och-diamantborrning-seinajoki\/","og_locale":"sv_SE","og_type":"article","og_title":"Diamants\u00e5gning och diamantborrning i Sein\u00e4joki - SBS Team Ab","og_description":"L\u00e5t proffsen sk\u00f6ta dina betongh\u00e5ltagningar. Nu erbjuder SBS Team f\u00f6rstklassig diamants\u00e5gning och diamantborrning i Sein\u00e4joki!","og_url":"https:\/\/www.sbsteam.fi\/sv\/haltagning\/diamantsagning-och-diamantborrning-seinajoki\/","og_site_name":"SBS","article_publisher":"https:\/\/www.facebook.com\/sbsteamab","article_modified_time":"2017-01-09T06:37:22+00:00","og_image":[{"url":"https:\/\/www.sbsteam.fi\/wp-content\/uploads\/2015\/06\/front3-585x198.jpg","type":"","width":"","height":""}],"twitter_card":"summary_large_image","twitter_misc":{"Est. reading time":"2 minutes"},"schema":{"@context":"https:\/\/schema.org","@graph":[{"@type":"WebPage","@id":"https:\/\/www.sbsteam.fi\/sv\/haltagning\/diamantsagning-och-diamantborrning-seinajoki\/","url":"https:\/\/www.sbsteam.fi\/sv\/haltagning\/diamantsagning-och-diamantborrning-seinajoki\/","name":"Diamants\u00e5gning och diamantborrning i Sein\u00e4joki - SBS Team Ab","isPartOf":{"@id":"https:\/\/www.sbsteam.fi\/#website"},"primaryImageOfPage":{"@id":"https:\/\/www.sbsteam.fi\/sv\/haltagning\/diamantsagning-och-diamantborrning-seinajoki\/#primaryimage"},"image":{"@id":"https:\/\/www.sbsteam.fi\/sv\/haltagning\/diamantsagning-och-diamantborrning-seinajoki\/#primaryimage"},"thumbnailUrl":"https:\/\/www.sbsteam.fi\/wp-content\/uploads\/2015\/06\/front3-585x198.jpg","datePublished":"2017-01-09T06:23:39+00:00","dateModified":"2017-01-09T06:37:22+00:00","description":"L\u00e5t proffsen sk\u00f6ta dina betongh\u00e5ltagningar. Nu erbjuder SBS Team f\u00f6rstklassig diamants\u00e5gning och diamantborrning i Sein\u00e4joki!","breadcrumb":{"@id":"https:\/\/www.sbsteam.fi\/sv\/haltagning\/diamantsagning-och-diamantborrning-seinajoki\/#breadcrumb"},"inLanguage":"sv-SE","potentialAction":[{"@type":"ReadAction","target":["https:\/\/www.sbsteam.fi\/sv\/haltagning\/diamantsagning-och-diamantborrning-seinajoki\/"]}]},{"@type":"ImageObject","inLanguage":"sv-SE","@id":"https:\/\/www.sbsteam.fi\/sv\/haltagning\/diamantsagning-och-diamantborrning-seinajoki\/#primaryimage","url":"https:\/\/www.sbsteam.fi\/wp-content\/uploads\/2015\/06\/front3-585x198.jpg","contentUrl":"https:\/\/www.sbsteam.fi\/wp-content\/uploads\/2015\/06\/front3-585x198.jpg"},{"@type":"BreadcrumbList","@id":"https:\/\/www.sbsteam.fi\/sv\/haltagning\/diamantsagning-och-diamantborrning-seinajoki\/#breadcrumb","itemListElement":[{"@type":"ListItem","position":1,"name":"Home","item":"https:\/\/www.sbsteam.fi\/sv\/haltagning\/"},{"@type":"ListItem","position":2,"name":"SBS-Team","item":"https:\/\/www.sbsteam.fi\/sv\/haltagning\/"},{"@type":"ListItem","position":3,"name":"Diamants\u00e5gning och diamantborrning i Sein\u00e4joki"}]},{"@type":"WebSite","@id":"https:\/\/www.sbsteam.fi\/#website","url":"https:\/\/www.sbsteam.fi\/","name":"SBS","description":"Just another WordPress site","potentialAction":[{"@type":"SearchAction","target":{"@type":"EntryPoint","urlTemplate":"https:\/\/www.sbsteam.fi\/?s={search_term_string}"},"query-input":{"@type":"PropertyValueSpecification","valueRequired":true,"valueName":"search_term_string"}}],"inLanguage":"sv-SE"}]}},"jetpack_shortlink":"https:\/\/wp.me\/P70pQC-Al","jetpack_sharing_enabled":true,"_links":{"self":[{"href":"https:\/\/www.sbsteam.fi\/sv\/wp-json\/wp\/v2\/pages\/2253","targetHints":{"allow":["GET"]}}],"collection":[{"href":"https:\/\/www.sbsteam.fi\/sv\/wp-json\/wp\/v2\/pages"}],"about":[{"href":"https:\/\/www.sbsteam.fi\/sv\/wp-json\/wp\/v2\/types\/page"}],"author":[{"embeddable":true,"href":"https:\/\/www.sbsteam.fi\/sv\/wp-json\/wp\/v2\/users\/4"}],"replies":[{"embeddable":true,"href":"https:\/\/www.sbsteam.fi\/sv\/wp-json\/wp\/v2\/comments?post=2253"}],"version-history":[{"count":4,"href":"https:\/\/www.sbsteam.fi\/sv\/wp-json\/wp\/v2\/pages\/2253\/revisions"}],"predecessor-version":[{"id":2258,"href":"https:\/\/www.sbsteam.fi\/sv\/wp-json\/wp\/v2\/pages\/2253\/revisions\/2258"}],"up":[{"embeddable":true,"href":"https:\/\/www.sbsteam.fi\/sv\/wp-json\/wp\/v2\/pages\/279"}],"wp:attachment":[{"href":"https:\/\/www.sbsteam.fi\/sv\/wp-json\/wp\/v2\/media?parent=2253"}],"curies":[{"name":"wp","href":"https:\/\/api.w.org\/{rel}","templated":true}]}}