{"id":2086,"date":"2016-12-19T11:48:25","date_gmt":"2016-12-19T11:48:25","guid":{"rendered":"https:\/\/www.sbsteam.fi\/sv\/?page_id=2086"},"modified":"2019-02-11T08:01:16","modified_gmt":"2019-02-11T08:01:16","slug":"industriunderhall","status":"publish","type":"page","link":"https:\/\/www.sbsteam.fi\/sv\/tjanster\/industriunderhall\/","title":{"rendered":"R&#038;D"},"content":{"rendered":"<div class=\"row\">\n<div class=\"col-md-6\">\n<p>Genom v\u00e5ra tj\u00e4nster f\u00f6r industriunderh\u00e5ll och automation hj\u00e4lper vi v\u00e5ra kunder att g\u00f6ra sina processer inte bara s\u00e4kra, utan \u00e4ven snabba och kostnadseffektiva. \u00a0Vi tillverkar \u00e4ven olika typer av maskiner till\u00a0produktionslinjer, skr\u00e4ddarsydda enligt f\u00f6retagets behov.<\/p>\n<h3>Industriunderh\u00e5ll f\u00f6r hela Skandinavien<\/h3>\n<p>Vi erbjuder v\u00e5ra tj\u00e4nster \u00f6ver hela Skandinavien, och vi har redan ett stort antal n\u00f6jda kunder i b\u00e5de Sverige och Finland. SBS Team har erfarenhet av alla typer av byggnationsuppdrag, och kan p\u00e5 s\u00e5 vis \u00e4ven hj\u00e4lpa till med planeringen av nya projekt eller produktionslinjer. Ta kontakt f\u00f6r att f\u00e5 reda p\u00e5 mer om v\u00e5ra tj\u00e4nster, eller beg\u00e4r en offert redan idag. Vi kontaktar er\u00a0snarast m\u00f6jligt!<\/p>\n<\/div>\n<div class=\"col-md-6\"><img loading=\"lazy\" decoding=\"async\" class=\"alignnone size-medium wp-image-1395\" src=\"https:\/\/www.sbsteam.fi\/wp-content\/uploads\/2015\/09\/picturefactory-tuotanto-32-e1482406408302-585x183.jpg\" alt=\"industriunderh\u00e5ll teollisuuden-kunnossapito-palvelut-sbs-team\" width=\"585\" height=\"183\" srcset=\"https:\/\/www.sbsteam.fi\/wp-content\/uploads\/2015\/09\/picturefactory-tuotanto-32-e1482406408302-585x183.jpg 585w, https:\/\/www.sbsteam.fi\/wp-content\/uploads\/2015\/09\/picturefactory-tuotanto-32-e1482406408302-1170x366.jpg 1170w, https:\/\/www.sbsteam.fi\/wp-content\/uploads\/2015\/09\/picturefactory-tuotanto-32-e1482406408302-768x240.jpg 768w\" sizes=\"auto, (max-width: 585px) 100vw, 585px\" \/><\/p>\n<h3>Ta kontakt!<\/h3>\n<script type=\"text\/javascript\">\n\/* <![CDATA[ *\/\nvar gform;gform||(document.addEventListener(\"gform_main_scripts_loaded\",function(){gform.scriptsLoaded=!0}),document.addEventListener(\"gform\/theme\/scripts_loaded\",function(){gform.themeScriptsLoaded=!0}),window.addEventListener(\"DOMContentLoaded\",function(){gform.domLoaded=!0}),gform={domLoaded:!1,scriptsLoaded:!1,themeScriptsLoaded:!1,isFormEditor:()=>\"function\"==typeof InitializeEditor,callIfLoaded:function(o){return!(!gform.domLoaded||!gform.scriptsLoaded||!gform.themeScriptsLoaded&&!gform.isFormEditor()||(gform.isFormEditor()&&console.warn(\"The use of gform.initializeOnLoaded() is deprecated in the form editor context and will be removed in Gravity Forms 3.1.\"),o(),0))},initializeOnLoaded:function(o){gform.callIfLoaded(o)||(document.addEventListener(\"gform_main_scripts_loaded\",()=>{gform.scriptsLoaded=!0,gform.callIfLoaded(o)}),document.addEventListener(\"gform\/theme\/scripts_loaded\",()=>{gform.themeScriptsLoaded=!0,gform.callIfLoaded(o)}),window.addEventListener(\"DOMContentLoaded\",()=>{gform.domLoaded=!0,gform.callIfLoaded(o)}))},hooks:{action:{},filter:{}},addAction:function(o,r,e,t){gform.addHook(\"action\",o,r,e,t)},addFilter:function(o,r,e,t){gform.addHook(\"filter\",o,r,e,t)},doAction:function(o){gform.doHook(\"action\",o,arguments)},applyFilters:function(o){return gform.doHook(\"filter\",o,arguments)},removeAction:function(o,r){gform.removeHook(\"action\",o,r)},removeFilter:function(o,r,e){gform.removeHook(\"filter\",o,r,e)},addHook:function(o,r,e,t,n){null==gform.hooks[o][r]&&(gform.hooks[o][r]=[]);var d=gform.hooks[o][r];null==n&&(n=r+\"_\"+d.length),gform.hooks[o][r].push({tag:n,callable:e,priority:t=null==t?10:t})},doHook:function(r,o,e){var t;if(e=Array.prototype.slice.call(e,1),null!=gform.hooks[r][o]&&((o=gform.hooks[r][o]).sort(function(o,r){return o.priority-r.priority}),o.forEach(function(o){\"function\"!=typeof(t=o.callable)&&(t=window[t]),\"action\"==r?t.apply(null,e):e[0]=t.apply(null,e)})),\"filter\"==r)return e[0]},removeHook:function(o,r,t,n){var e;null!=gform.hooks[o][r]&&(e=(e=gform.hooks[o][r]).filter(function(o,r,e){return!!(null!=n&&n!=o.tag||null!=t&&t!=o.priority)}),gform.hooks[o][r]=e)}});\n\/* ]]> *\/\n<\/script>\n\n                <div class='gf_browser_gecko gform_wrapper gform_legacy_markup_wrapper gform-theme--no-framework' data-form-theme='legacy' data-form-index='0' id='gform_wrapper_3' ><div id='gf_3' class='gform_anchor' tabindex='-1'><\/div><form method='post' enctype='multipart\/form-data' target='gform_ajax_frame_3' id='gform_3'  action='\/sv\/wp-json\/wp\/v2\/pages\/2086#gf_3' data-formid='3' novalidate>\n                        <div class='gform-body gform_body'><ul id='gform_fields_3' class='gform_fields top_label form_sublabel_below description_below validation_below'><li id=\"field_3_8\" class=\"gfield gfield--type-honeypot gform_validation_container field_sublabel_below gfield--has-description field_description_below field_validation_below gfield_visibility_visible\"  ><label class='gfield_label gform-field-label' for='input_3_8'>Name<\/label><div class='ginput_container'><input name='input_8' id='input_3_8' type='text' value='' autocomplete='new-password'\/><\/div><div class='gfield_description' id='gfield_description_3_8'>This field is for validation purposes and should be left unchanged.<\/div><\/li><li id=\"field_3_2\" class=\"gfield gfield--type-text field_sublabel_below gfield--no-description field_description_below field_validation_below gfield_visibility_visible\"  ><label class='gfield_label gform-field-label' for='input_3_2'>Namn<\/label><div class='ginput_container ginput_container_text'><input name='input_2' id='input_3_2' type='text' value='' class='large'    placeholder='Namn'  aria-invalid=\"false\"   \/><\/div><\/li><li id=\"field_3_3\" class=\"gfield gfield--type-email gfield_contains_required field_sublabel_below gfield--no-description field_description_below field_validation_below gfield_visibility_visible\"  ><label class='gfield_label gform-field-label' for='input_3_3'>E-post<span class=\"gfield_required\"><span class=\"gfield_required gfield_required_asterisk\">*<\/span><\/span><\/label><div class='ginput_container ginput_container_email'>\n                            <input name='input_3' id='input_3_3' type='email' value='' class='large'   placeholder='E-post' aria-required=\"true\" aria-invalid=\"false\"  \/>\n                        <\/div><\/li><li id=\"field_3_4\" class=\"gfield gfield--type-phone field_sublabel_below gfield--no-description field_description_below field_validation_below gfield_visibility_visible\"  ><label class='gfield_label gform-field-label' for='input_3_4'>Telefonnummer<\/label><div class='ginput_container ginput_container_phone'><input name='input_4' id='input_3_4' type='tel' value='' class='large'  placeholder='Telefonnummer'  aria-invalid=\"false\"   \/><\/div><\/li><li id=\"field_3_5\" class=\"gfield gfield--type-text field_sublabel_below gfield--no-description field_description_below field_validation_below gfield_visibility_visible\"  ><label class='gfield_label gform-field-label' for='input_3_5'>F\u00f6retag<\/label><div class='ginput_container ginput_container_text'><input name='input_5' id='input_3_5' type='text' value='' class='large'    placeholder='F\u00f6retag'  aria-invalid=\"false\"   \/><\/div><\/li><li id=\"field_3_6\" class=\"gfield gfield--type-textarea field_sublabel_below gfield--no-description field_description_below field_validation_below gfield_visibility_visible\"  ><label class='gfield_label gform-field-label' for='input_3_6'>Hur kan vi st\u00e5 till tj\u00e4nst? Beskriv ert projekt noggrannt s\u00e5 kan vi ge en noggrann offert!<\/label><div class='ginput_container ginput_container_textarea'><textarea name='input_6' id='input_3_6' class='textarea large'    placeholder='Hur kan vi st\u00e5 till tj\u00e4nst? Beskriv ert projekt noggrannt s\u00e5 kan vi ge en noggrann offert!'  aria-invalid=\"false\"   rows='10' cols='50'><\/textarea><\/div><\/li><li id=\"field_3_7\" class=\"gfield gfield--type-html gfield_html gfield_html_formatted gfield_no_follows_desc field_sublabel_below gfield--no-description field_description_below field_validation_below gfield_visibility_visible\"  ><style>\n#gform_wrapper_3 ul li label {display: none;}\n#gform_submit_button_3 {color: #F37221;\n    background-color: transparent;\n    border-color: #F37221;\n    border: 3px solid;\n    display: inline-block;\n    margin-bottom: 0;\n    font-weight: 600;\n    text-align: center;\n    vertical-align: middle;\n    -ms-touch-action: manipulation;\n    touch-action: manipulation;\n    cursor: pointer;\n    background-image: none;\n    white-space: nowrap;\n    padding: 6px 12px;\n    font-size: 14px;\n    line-height: 1.428571429;\n    border-radius: 0;\n    -webkit-user-select: none;\n    -moz-user-select: none;\n    -ms-user-select: none;\n    user-select: none;\n}\n\n<\/style><\/li><\/ul><\/div>\n        <div class='gform-footer gform_footer top_label'> <input type='submit' id='gform_submit_button_3' class='gform_button button' onclick='gform.submission.handleButtonClick(this);' data-submission-type='submit' value='Skicka'  \/> <input type='hidden' name='gform_ajax' value='form_id=3&amp;title=&amp;description=&amp;tabindex=0&amp;theme=legacy&amp;styles=[]&amp;hash=243009cb3eb1ba19e25a1d9bba156b18' \/>\n            <input type='hidden' class='gform_hidden' name='gform_submission_method' data-js='gform_submission_method_3' value='iframe' \/>\n            <input type='hidden' class='gform_hidden' name='gform_theme' data-js='gform_theme_3' id='gform_theme_3' value='legacy' \/>\n            <input type='hidden' class='gform_hidden' name='gform_style_settings' data-js='gform_style_settings_3' id='gform_style_settings_3' value='[]' \/>\n            <input type='hidden' class='gform_hidden' name='is_submit_3' value='1' \/>\n            <input type='hidden' class='gform_hidden' name='gform_submit' value='3' \/>\n            \n            <input type='hidden' class='gform_hidden' name='gform_currency' data-currency='EUR' value='9KgAtsVU+m+Q72JxIMhJ7nzWrLr78w4Jsu++SeqpQoUKSL+4uQ1jRhBTfz5uqu1x\/0l7+heQAP6mS9YejkQXY5R1Ld\/t5nMlHpZJpC2V\/RVKkGo=' \/>\n            <input type='hidden' class='gform_hidden' name='gform_unique_id' value='' \/>\n            <input type='hidden' class='gform_hidden' name='state_3' value='WyJbXSIsIjU4NWJiNmQ3YjkyZjk1MDgwZDk0OWU5MTM4YzA0NTMzIl0=' \/>\n            <input type='hidden' autocomplete='off' class='gform_hidden' name='gform_target_page_number_3' id='gform_target_page_number_3' value='0' \/>\n            <input type='hidden' autocomplete='off' class='gform_hidden' name='gform_source_page_number_3' id='gform_source_page_number_3' value='1' \/>\n            <input type='hidden' name='gform_field_values' value='' \/>\n            \n        <\/div>\n                        <p style=\"display: none !important;\" class=\"akismet-fields-container\" data-prefix=\"ak_\"><label>&#916;<textarea name=\"ak_hp_textarea\" cols=\"45\" rows=\"8\" maxlength=\"100\"><\/textarea><\/label><input type=\"hidden\" id=\"ak_js_1\" name=\"ak_js\" value=\"66\"\/><script>document.getElementById( \"ak_js_1\" ).setAttribute( \"value\", ( new Date() ).getTime() );<\/script><\/p><\/form>\n                        <\/div>\n\t\t                <iframe style='display:none;width:0px;height:0px;' src='about:blank' name='gform_ajax_frame_3' id='gform_ajax_frame_3' title='This iframe contains the logic required to handle Ajax powered Gravity Forms.'><\/iframe>\n\t\t                <script type=\"text\/javascript\">\n\/* <![CDATA[ *\/\n gform.initializeOnLoaded( function() {gformInitSpinner( 3, 'https:\/\/www.sbsteam.fi\/wp-content\/plugins\/gravityforms\/images\/spinner.svg', true );jQuery('#gform_ajax_frame_3').on('load',function(){var contents = jQuery(this).contents().find('*').html();var is_postback = contents.indexOf('GF_AJAX_POSTBACK') >= 0;if(!is_postback){return;}var form_content = jQuery(this).contents().find('#gform_wrapper_3');var is_confirmation = jQuery(this).contents().find('#gform_confirmation_wrapper_3').length > 0;var is_redirect = contents.indexOf('gformRedirect(){') >= 0;var is_form = form_content.length > 0 && ! is_redirect && ! is_confirmation;var mt = parseInt(jQuery('html').css('margin-top'), 10) + parseInt(jQuery('body').css('margin-top'), 10) + 100;if(is_form){jQuery('#gform_wrapper_3').html(form_content.html());if(form_content.hasClass('gform_validation_error')){jQuery('#gform_wrapper_3').addClass('gform_validation_error');} else {jQuery('#gform_wrapper_3').removeClass('gform_validation_error');}setTimeout( function() { \/* delay the scroll by 50 milliseconds to fix a bug in chrome *\/ jQuery(document).scrollTop(jQuery('#gform_wrapper_3').offset().top - mt); }, 50 );if(window['gformInitDatepicker']) {gformInitDatepicker();}if(window['gformInitPriceFields']) {gformInitPriceFields();}var current_page = jQuery('#gform_source_page_number_3').val();gformInitSpinner( 3, 'https:\/\/www.sbsteam.fi\/wp-content\/plugins\/gravityforms\/images\/spinner.svg', true );jQuery(document).trigger('gform_page_loaded', [3, current_page]);window['gf_submitting_3'] = false;}else if(!is_redirect){var confirmation_content = jQuery(this).contents().find('.GF_AJAX_POSTBACK').html();if(!confirmation_content){confirmation_content = contents;}jQuery('#gform_wrapper_3').replaceWith(confirmation_content);jQuery(document).scrollTop(jQuery('#gf_3').offset().top - mt);jQuery(document).trigger('gform_confirmation_loaded', [3]);window['gf_submitting_3'] = false;wp.a11y.speak(jQuery('#gform_confirmation_message_3').text());}else{jQuery('#gform_3').append(contents);if(window['gformRedirect']) {gformRedirect();}}jQuery(document).trigger(\"gform_pre_post_render\", [{ formId: \"3\", currentPage: \"current_page\", abort: function() { this.preventDefault(); } }]);        if (event && event.defaultPrevented) {                return;        }        const gformWrapperDiv = document.getElementById( \"gform_wrapper_3\" );        if ( gformWrapperDiv ) {            const visibilitySpan = document.createElement( \"span\" );            visibilitySpan.id = \"gform_visibility_test_3\";            gformWrapperDiv.insertAdjacentElement( \"afterend\", visibilitySpan );        }        const visibilityTestDiv = document.getElementById( \"gform_visibility_test_3\" );        let postRenderFired = false;        function triggerPostRender() {            if ( postRenderFired ) {                return;            }            postRenderFired = true;            gform.core.triggerPostRenderEvents( 3, current_page );            if ( visibilityTestDiv ) {                visibilityTestDiv.parentNode.removeChild( visibilityTestDiv );            }        }        function debounce( func, wait, immediate ) {            var timeout;            return function() {                var context = this, args = arguments;                var later = function() {                    timeout = null;                    if ( !immediate ) func.apply( context, args );                };                var callNow = immediate && !timeout;                clearTimeout( timeout );                timeout = setTimeout( later, wait );                if ( callNow ) func.apply( context, args );            };        }        const debouncedTriggerPostRender = debounce( function() {            triggerPostRender();        }, 200 );        if ( visibilityTestDiv && visibilityTestDiv.offsetParent === null ) {            const observer = new MutationObserver( ( mutations ) => {                mutations.forEach( ( mutation ) => {                    if ( mutation.type === 'attributes' && visibilityTestDiv.offsetParent !== null ) {                        debouncedTriggerPostRender();                        observer.disconnect();                    }                });            });            observer.observe( document.body, {                attributes: true,                childList: false,                subtree: true,                attributeFilter: [ 'style', 'class' ],            });        } else {            triggerPostRender();        }    } );} ); \n\/* ]]> *\/\n<\/script>\n<\/div>\n<\/div>\n","protected":false},"excerpt":{"rendered":"<p>Genom v\u00e5ra tj\u00e4nster f\u00f6r industriunderh\u00e5ll och automation hj\u00e4lper vi v\u00e5ra kunder att g\u00f6ra sina processer inte bara s\u00e4kra, utan \u00e4ven snabba och kostnadseffektiva. \u00a0Vi tillverkar \u00e4ven olika typer av maskiner till\u00a0produktionslinjer, skr\u00e4ddarsydda enligt f\u00f6retagets behov. Industriunderh\u00e5ll f\u00f6r hela Skandinavien Vi erbjuder v\u00e5ra tj\u00e4nster \u00f6ver hela Skandinavien, och vi har redan ett stort antal n\u00f6jda kunder &hellip; <a href=\"https:\/\/www.sbsteam.fi\/sv\/tjanster\/industriunderhall\/\">Continued<\/a><\/p>\n","protected":false},"author":4,"featured_media":1395,"parent":406,"menu_order":0,"comment_status":"closed","ping_status":"closed","template":"","meta":{"_acf_changed":false,"footnotes":""},"class_list":["post-2086","page","type-page","status-publish","has-post-thumbnail","hentry"],"acf":[],"yoast_head":"<!-- This site is optimized with the Yoast SEO plugin v24.4 - https:\/\/yoast.com\/wordpress\/plugins\/seo\/ -->\n<title>Industriunderh\u00e5ll och automationstj\u00e4nster - SBS Team Ab<\/title>\n<meta name=\"description\" content=\"Vi tillverkar skr\u00e4ddarsydda maskiner f\u00f6r produktionslinjer, och utf\u00f6r snabba och kostnadseffektiva tj\u00e4nster f\u00f6r industriunderh\u00e5ll. L\u00e4s mer om v\u00e5ra tj\u00e4nster!\" \/>\n<meta name=\"robots\" content=\"index, follow, max-snippet:-1, max-image-preview:large, max-video-preview:-1\" \/>\n<link rel=\"canonical\" href=\"https:\/\/www.sbsteam.fi\/sv\/tjanster\/industriunderhall\/\" \/>\n<meta property=\"og:locale\" content=\"sv_SE\" \/>\n<meta property=\"og:type\" content=\"article\" \/>\n<meta property=\"og:title\" content=\"Industriunderh\u00e5ll och automationstj\u00e4nster - SBS Team Ab\" \/>\n<meta property=\"og:description\" content=\"Vi tillverkar skr\u00e4ddarsydda maskiner f\u00f6r produktionslinjer, och utf\u00f6r snabba och kostnadseffektiva tj\u00e4nster f\u00f6r industriunderh\u00e5ll. L\u00e4s mer om v\u00e5ra tj\u00e4nster!\" \/>\n<meta property=\"og:url\" content=\"https:\/\/www.sbsteam.fi\/sv\/tjanster\/industriunderhall\/\" \/>\n<meta property=\"og:site_name\" content=\"SBS\" \/>\n<meta property=\"article:publisher\" content=\"https:\/\/www.facebook.com\/sbsteamab\" \/>\n<meta property=\"article:modified_time\" content=\"2019-02-11T08:01:16+00:00\" \/>\n<meta property=\"og:image\" content=\"https:\/\/www.sbsteam.fi\/wp-content\/uploads\/2015\/09\/picturefactory-tuotanto-32-e1482406408302.jpg\" \/>\n\t<meta property=\"og:image:width\" content=\"5472\" \/>\n\t<meta property=\"og:image:height\" content=\"1710\" \/>\n\t<meta property=\"og:image:type\" content=\"image\/jpeg\" \/>\n<meta name=\"twitter:card\" content=\"summary_large_image\" \/>\n<meta name=\"twitter:label1\" content=\"Est. reading time\" \/>\n\t<meta name=\"twitter:data1\" content=\"1 minute\" \/>\n<script type=\"application\/ld+json\" class=\"yoast-schema-graph\">{\"@context\":\"https:\/\/schema.org\",\"@graph\":[{\"@type\":\"WebPage\",\"@id\":\"https:\/\/www.sbsteam.fi\/sv\/tjanster\/industriunderhall\/\",\"url\":\"https:\/\/www.sbsteam.fi\/sv\/tjanster\/industriunderhall\/\",\"name\":\"Industriunderh\u00e5ll och automationstj\u00e4nster - SBS Team Ab\",\"isPartOf\":{\"@id\":\"https:\/\/www.sbsteam.fi\/#website\"},\"primaryImageOfPage\":{\"@id\":\"https:\/\/www.sbsteam.fi\/sv\/tjanster\/industriunderhall\/#primaryimage\"},\"image\":{\"@id\":\"https:\/\/www.sbsteam.fi\/sv\/tjanster\/industriunderhall\/#primaryimage\"},\"thumbnailUrl\":\"https:\/\/www.sbsteam.fi\/wp-content\/uploads\/2015\/09\/picturefactory-tuotanto-32-e1482406408302.jpg\",\"datePublished\":\"2016-12-19T11:48:25+00:00\",\"dateModified\":\"2019-02-11T08:01:16+00:00\",\"description\":\"Vi tillverkar skr\u00e4ddarsydda maskiner f\u00f6r produktionslinjer, och utf\u00f6r snabba och kostnadseffektiva tj\u00e4nster f\u00f6r industriunderh\u00e5ll. L\u00e4s mer om v\u00e5ra tj\u00e4nster!\",\"breadcrumb\":{\"@id\":\"https:\/\/www.sbsteam.fi\/sv\/tjanster\/industriunderhall\/#breadcrumb\"},\"inLanguage\":\"sv-SE\",\"potentialAction\":[{\"@type\":\"ReadAction\",\"target\":[\"https:\/\/www.sbsteam.fi\/sv\/tjanster\/industriunderhall\/\"]}]},{\"@type\":\"ImageObject\",\"inLanguage\":\"sv-SE\",\"@id\":\"https:\/\/www.sbsteam.fi\/sv\/tjanster\/industriunderhall\/#primaryimage\",\"url\":\"https:\/\/www.sbsteam.fi\/wp-content\/uploads\/2015\/09\/picturefactory-tuotanto-32-e1482406408302.jpg\",\"contentUrl\":\"https:\/\/www.sbsteam.fi\/wp-content\/uploads\/2015\/09\/picturefactory-tuotanto-32-e1482406408302.jpg\",\"width\":5472,\"height\":1710,\"caption\":\"industriunderh\u00e5ll teollisuuden-kunnossapito-palvelut-sbs-team\"},{\"@type\":\"BreadcrumbList\",\"@id\":\"https:\/\/www.sbsteam.fi\/sv\/tjanster\/industriunderhall\/#breadcrumb\",\"itemListElement\":[{\"@type\":\"ListItem\",\"position\":1,\"name\":\"Home\",\"item\":\"https:\/\/www.sbsteam.fi\/sv\/haltagning\/\"},{\"@type\":\"ListItem\",\"position\":2,\"name\":\"Tj\u00e4nster\",\"item\":\"https:\/\/www.sbsteam.fi\/sv\/tjanster\/\"},{\"@type\":\"ListItem\",\"position\":3,\"name\":\"R&#038;D\"}]},{\"@type\":\"WebSite\",\"@id\":\"https:\/\/www.sbsteam.fi\/#website\",\"url\":\"https:\/\/www.sbsteam.fi\/\",\"name\":\"SBS\",\"description\":\"Just another WordPress site\",\"potentialAction\":[{\"@type\":\"SearchAction\",\"target\":{\"@type\":\"EntryPoint\",\"urlTemplate\":\"https:\/\/www.sbsteam.fi\/?s={search_term_string}\"},\"query-input\":{\"@type\":\"PropertyValueSpecification\",\"valueRequired\":true,\"valueName\":\"search_term_string\"}}],\"inLanguage\":\"sv-SE\"}]}<\/script>\n<!-- \/ Yoast SEO plugin. -->","yoast_head_json":{"title":"Industriunderh\u00e5ll och automationstj\u00e4nster - SBS Team Ab","description":"Vi tillverkar skr\u00e4ddarsydda maskiner f\u00f6r produktionslinjer, och utf\u00f6r snabba och kostnadseffektiva tj\u00e4nster f\u00f6r industriunderh\u00e5ll. L\u00e4s mer om v\u00e5ra tj\u00e4nster!","robots":{"index":"index","follow":"follow","max-snippet":"max-snippet:-1","max-image-preview":"max-image-preview:large","max-video-preview":"max-video-preview:-1"},"canonical":"https:\/\/www.sbsteam.fi\/sv\/tjanster\/industriunderhall\/","og_locale":"sv_SE","og_type":"article","og_title":"Industriunderh\u00e5ll och automationstj\u00e4nster - SBS Team Ab","og_description":"Vi tillverkar skr\u00e4ddarsydda maskiner f\u00f6r produktionslinjer, och utf\u00f6r snabba och kostnadseffektiva tj\u00e4nster f\u00f6r industriunderh\u00e5ll. L\u00e4s mer om v\u00e5ra tj\u00e4nster!","og_url":"https:\/\/www.sbsteam.fi\/sv\/tjanster\/industriunderhall\/","og_site_name":"SBS","article_publisher":"https:\/\/www.facebook.com\/sbsteamab","article_modified_time":"2019-02-11T08:01:16+00:00","og_image":[{"width":5472,"height":1710,"url":"https:\/\/www.sbsteam.fi\/wp-content\/uploads\/2015\/09\/picturefactory-tuotanto-32-e1482406408302.jpg","type":"image\/jpeg"}],"twitter_card":"summary_large_image","twitter_misc":{"Est. reading time":"1 minute"},"schema":{"@context":"https:\/\/schema.org","@graph":[{"@type":"WebPage","@id":"https:\/\/www.sbsteam.fi\/sv\/tjanster\/industriunderhall\/","url":"https:\/\/www.sbsteam.fi\/sv\/tjanster\/industriunderhall\/","name":"Industriunderh\u00e5ll och automationstj\u00e4nster - SBS Team Ab","isPartOf":{"@id":"https:\/\/www.sbsteam.fi\/#website"},"primaryImageOfPage":{"@id":"https:\/\/www.sbsteam.fi\/sv\/tjanster\/industriunderhall\/#primaryimage"},"image":{"@id":"https:\/\/www.sbsteam.fi\/sv\/tjanster\/industriunderhall\/#primaryimage"},"thumbnailUrl":"https:\/\/www.sbsteam.fi\/wp-content\/uploads\/2015\/09\/picturefactory-tuotanto-32-e1482406408302.jpg","datePublished":"2016-12-19T11:48:25+00:00","dateModified":"2019-02-11T08:01:16+00:00","description":"Vi tillverkar skr\u00e4ddarsydda maskiner f\u00f6r produktionslinjer, och utf\u00f6r snabba och kostnadseffektiva tj\u00e4nster f\u00f6r industriunderh\u00e5ll. L\u00e4s mer om v\u00e5ra tj\u00e4nster!","breadcrumb":{"@id":"https:\/\/www.sbsteam.fi\/sv\/tjanster\/industriunderhall\/#breadcrumb"},"inLanguage":"sv-SE","potentialAction":[{"@type":"ReadAction","target":["https:\/\/www.sbsteam.fi\/sv\/tjanster\/industriunderhall\/"]}]},{"@type":"ImageObject","inLanguage":"sv-SE","@id":"https:\/\/www.sbsteam.fi\/sv\/tjanster\/industriunderhall\/#primaryimage","url":"https:\/\/www.sbsteam.fi\/wp-content\/uploads\/2015\/09\/picturefactory-tuotanto-32-e1482406408302.jpg","contentUrl":"https:\/\/www.sbsteam.fi\/wp-content\/uploads\/2015\/09\/picturefactory-tuotanto-32-e1482406408302.jpg","width":5472,"height":1710,"caption":"industriunderh\u00e5ll teollisuuden-kunnossapito-palvelut-sbs-team"},{"@type":"BreadcrumbList","@id":"https:\/\/www.sbsteam.fi\/sv\/tjanster\/industriunderhall\/#breadcrumb","itemListElement":[{"@type":"ListItem","position":1,"name":"Home","item":"https:\/\/www.sbsteam.fi\/sv\/haltagning\/"},{"@type":"ListItem","position":2,"name":"Tj\u00e4nster","item":"https:\/\/www.sbsteam.fi\/sv\/tjanster\/"},{"@type":"ListItem","position":3,"name":"R&#038;D"}]},{"@type":"WebSite","@id":"https:\/\/www.sbsteam.fi\/#website","url":"https:\/\/www.sbsteam.fi\/","name":"SBS","description":"Just another WordPress site","potentialAction":[{"@type":"SearchAction","target":{"@type":"EntryPoint","urlTemplate":"https:\/\/www.sbsteam.fi\/?s={search_term_string}"},"query-input":{"@type":"PropertyValueSpecification","valueRequired":true,"valueName":"search_term_string"}}],"inLanguage":"sv-SE"}]}},"jetpack_shortlink":"https:\/\/wp.me\/P70pQC-xE","jetpack_sharing_enabled":true,"_links":{"self":[{"href":"https:\/\/www.sbsteam.fi\/sv\/wp-json\/wp\/v2\/pages\/2086","targetHints":{"allow":["GET"]}}],"collection":[{"href":"https:\/\/www.sbsteam.fi\/sv\/wp-json\/wp\/v2\/pages"}],"about":[{"href":"https:\/\/www.sbsteam.fi\/sv\/wp-json\/wp\/v2\/types\/page"}],"author":[{"embeddable":true,"href":"https:\/\/www.sbsteam.fi\/sv\/wp-json\/wp\/v2\/users\/4"}],"replies":[{"embeddable":true,"href":"https:\/\/www.sbsteam.fi\/sv\/wp-json\/wp\/v2\/comments?post=2086"}],"version-history":[{"count":10,"href":"https:\/\/www.sbsteam.fi\/sv\/wp-json\/wp\/v2\/pages\/2086\/revisions"}],"predecessor-version":[{"id":2621,"href":"https:\/\/www.sbsteam.fi\/sv\/wp-json\/wp\/v2\/pages\/2086\/revisions\/2621"}],"up":[{"embeddable":true,"href":"https:\/\/www.sbsteam.fi\/sv\/wp-json\/wp\/v2\/pages\/406"}],"wp:featuredmedia":[{"embeddable":true,"href":"https:\/\/www.sbsteam.fi\/sv\/wp-json\/wp\/v2\/media\/1395"}],"wp:attachment":[{"href":"https:\/\/www.sbsteam.fi\/sv\/wp-json\/wp\/v2\/media?parent=2086"}],"curies":[{"name":"wp","href":"https:\/\/api.w.org\/{rel}","templated":true}]}}