{"id":2067,"date":"2016-12-14T08:09:35","date_gmt":"2016-12-14T08:09:35","guid":{"rendered":"https:\/\/www.sbsteam.fi\/sv\/?page_id=2067"},"modified":"2016-12-27T19:31:41","modified_gmt":"2016-12-27T19:31:41","slug":"diamantborrning-haltagning-vasa","status":"publish","type":"page","link":"https:\/\/www.sbsteam.fi\/sv\/haltagning\/diamantborrning-haltagning-vasa\/","title":{"rendered":"Diamants\u00e5gning och diamantborrning i Vasa"},"content":{"rendered":"<div class=\"row\">\n<div class=\"col-md-6\">\n<p><strong>R\u00f6rsanering i budgeteringsskede? Mellanv\u00e4ggar som skall tas ner? H\u00e5ltagning i Vasa f\u00f6r VVS? SBS Team tar hand om detta &#8211; och mycket mer. Vi \u00e4r ett motiverat och ansvarsfullt g\u00e4ng som har v\u00e5r fokus p\u00e5 att verkligen l\u00f6sa problem. SBS Team har omfattande\u00a0erfarenhet av saneringar,\u00a0renoveringar och nybyggnationer. Vi har n\u00f6jda kunder runtom i Finland och Sverige och nu utvidgar vi v\u00e5rt verksamhetsomr\u00e5de med h\u00e5ltagning i\u00a0Vasa.<\/strong><\/p>\n<h3><span style=\"font-weight: 400;\">H\u00e5ltagning i Vasa &#8211; Borrning\u00a0och s\u00e5gning i betong<\/span><\/h3>\n<p><span style=\"font-weight: 400;\">Vid alla typer av byggnation med betong \u00e4r h\u00e5ltagning i efterhand att f\u00f6redra. Det kan g\u00e4lla h\u00e5ltagningar f\u00f6r VVS- och elinstallationer, borrning f\u00f6r r\u00e4cken och belysningsstolpar, kapning av pelare och balkar, s\u00f6mborrning f\u00f6r borttagning av gr\u00f6vre betongkonstruktioner, etc. Vid renoveringar av fastigheter kommer h\u00e5ltagning v\u00e4l till pass f\u00f6r till exempel upps\u00e5gning av hisschakt i trapphus, eller nya sophanteringsinstallationer. Vi utf\u00f6r borrningsuppdrag fr\u00e5n 20 till 730 mm i diameter och s\u00e5gning i upp till 74 cm. Tack vare v\u00e5r moderna utrustning hanterar vi enkelt h\u00e5ltagningar i tak, v\u00e4ggar och golv.<\/span><\/p>\n<p><a class=\"btn btn-default visible-xs visible-sm\" style=\"font-weight: 400; margin-right: 10px;\" href=\"https:\/\/www.sbsteam.fi\/sv\/kontakt\/\"><strong>Kontakt<\/strong><\/a><\/p>\n<h3><span style=\"font-weight: 400;\">Vilka \u00e4r f\u00f6rdelarna?<\/span><\/h3>\n<p><span style=\"font-weight: 400;\">Tack vare moderna\u00a0diamantverktyg \u00e4r v\u00e5r h\u00e5ltagning effektivare, renare, exaktare, och dessutom ett mer ekonomiskt val. Den moderna utrustningen g\u00f6r att vi slipper anv\u00e4nda oss av ursp\u00e5rningar och vi l\u00e4mnar inga fula eller trasiga h\u00e5l efter oss. Med v\u00e5ra vattenkylda diamantverktyg kan dammbildningen dessutom n\u00e4stan helt elimineras. P\u00e5 s\u00e5 vis \u00f6kar vi s\u00e4kerheten i arbetet, inte bara f\u00f6r oss, utan \u00e4ven f\u00f6r personer som jobbar i n\u00e4rheten. Tack vare detta\u00a0kan vi utf\u00f6ra v\u00e5ra h\u00e5ltagnings- och kapningsarbeten medan den \u00f6vriga verksamheten utf\u00f6rs\u00a0som vanligt i omr\u00e5det, utan att st\u00f6ras av damm.<\/span><\/p>\n<h3><span style=\"font-weight: 400;\">Kunnig och kostnadseffektiv service &#8211; nu \u00e4ven i Vasa<\/span><\/h3>\n<p><span style=\"font-weight: 400;\">Vi p\u00e5 SBS Team \u00e4r stolta \u00f6ver v\u00e5rt arbete, och f\u00f6r att forts\u00e4ttningsvis h\u00e5lla oss p\u00e5 topp inser vi vikten av att investera i v\u00e5ra anst\u00e4lldas yrkeskunnighet och arbetss\u00e4kerhet. Med v\u00e5r nya verksamhetspunkt kan vi nu erbjuda \u00e4nnu snabbare service i Vasa med omnejd. Bekanta dig mer med v\u00e5ra tj\u00e4nster nedan, eller kontakta oss med dina byggplaner s\u00e5 b\u00f6rjar vi fila p\u00e5 en offert redan idag!<\/span><\/p>\n<p><a class=\"btn btn-default\" style=\"font-weight: 400; margin-right: 10px;\" href=\"https:\/\/www.sbsteam.fi\/sv\/tjanster\/\"><strong>Alla tj\u00e4nster<\/strong><\/a><a class=\"btn btn-default\" style=\"font-weight: 400; margin-right: 10px;\" href=\"https:\/\/www.sbsteam.fi\/sv\/referenser\/\"><strong>Alla referenser<\/strong><\/a><a class=\"btn btn-default\" style=\"font-weight: 400; margin-right: 10px;\" href=\"https:\/\/www.sbsteam.fi\/sv\/kontakt\/\"><strong>Kontakt<\/strong><\/a><\/p>\n<\/div>\n<div class=\"col-md-6\"><img loading=\"lazy\" decoding=\"async\" class=\"alignnone size-medium wp-image-161\" src=\"https:\/\/www.sbsteam.fi\/wp-content\/uploads\/2015\/06\/front3-585x198.jpg\" alt=\"Timanttisahaus ja Timanttiporauspalvelut - Sbs team ab\" width=\"585\" height=\"198\" srcset=\"https:\/\/www.sbsteam.fi\/wp-content\/uploads\/2015\/06\/front3-585x198.jpg 585w, https:\/\/www.sbsteam.fi\/wp-content\/uploads\/2015\/06\/front3-1170x396.jpg 1170w, https:\/\/www.sbsteam.fi\/wp-content\/uploads\/2015\/06\/front3.jpg 1920w\" sizes=\"auto, (max-width: 585px) 100vw, 585px\" \/><\/p>\n<h3><span style=\"font-weight: 400;\">Kontakta oss<\/span><\/h3>\n\n<div class=\"wpcf7 no-js\" id=\"wpcf7-f1426-o1\" lang=\"sv-SE\" dir=\"ltr\" data-wpcf7-id=\"1426\">\n<div class=\"screen-reader-response\"><p role=\"status\" aria-live=\"polite\" aria-atomic=\"true\"><\/p> <ul><\/ul><\/div>\n<form action=\"\/sv\/wp-json\/wp\/v2\/pages\/2067#wpcf7-f1426-o1\" method=\"post\" class=\"wpcf7-form init\" aria-label=\"Contact form\" novalidate=\"novalidate\" data-status=\"init\">\n<fieldset class=\"hidden-fields-container\"><input type=\"hidden\" name=\"_wpcf7\" value=\"1426\" \/><input type=\"hidden\" name=\"_wpcf7_version\" value=\"6.1.5\" \/><input type=\"hidden\" name=\"_wpcf7_locale\" value=\"sv_SE\" \/><input type=\"hidden\" name=\"_wpcf7_unit_tag\" value=\"wpcf7-f1426-o1\" \/><input type=\"hidden\" name=\"_wpcf7_container_post\" value=\"0\" \/><input type=\"hidden\" name=\"_wpcf7_posted_data_hash\" value=\"\" \/><input type=\"hidden\" name=\"_wpcf7_recaptcha_response\" value=\"\" \/>\n<\/fieldset>\n<p><span class=\"wpcf7-form-control-wrap\" data-name=\"your-name\"><input size=\"40\" maxlength=\"400\" class=\"wpcf7-form-control wpcf7-text wpcf7-validates-as-required form-control\" aria-required=\"true\" aria-invalid=\"false\" placeholder=\"Ditt namn\" value=\"\" type=\"text\" name=\"your-name\" \/><\/span>\n<\/p>\n<p><span class=\"wpcf7-form-control-wrap\" data-name=\"your-email\"><input size=\"40\" maxlength=\"400\" class=\"wpcf7-form-control wpcf7-email wpcf7-validates-as-required wpcf7-text wpcf7-validates-as-email form-control\" aria-required=\"true\" aria-invalid=\"false\" placeholder=\"E-post\" value=\"\" type=\"email\" name=\"your-email\" \/><\/span>\n<\/p>\n<p><span class=\"wpcf7-form-control-wrap\" data-name=\"tel-651\"><input size=\"40\" maxlength=\"400\" class=\"wpcf7-form-control wpcf7-tel wpcf7-text wpcf7-validates-as-tel form-control\" aria-invalid=\"false\" placeholder=\"Telefonnummer\" value=\"\" type=\"tel\" name=\"tel-651\" \/><\/span>\n<\/p>\n<p><span class=\"wpcf7-form-control-wrap\" data-name=\"your-subject\"><input size=\"40\" maxlength=\"400\" class=\"wpcf7-form-control wpcf7-text form-control\" aria-invalid=\"false\" placeholder=\"Rubrik\" value=\"\" type=\"text\" name=\"your-subject\" \/><\/span>\n<\/p>\n<p><span class=\"wpcf7-form-control-wrap\" data-name=\"your-message\"><textarea cols=\"40\" rows=\"10\" maxlength=\"2000\" class=\"wpcf7-form-control wpcf7-textarea form-control\" aria-invalid=\"false\" placeholder=\"Meddelande\" name=\"your-message\"><\/textarea><\/span>\n<\/p>\n<p><input class=\"wpcf7-form-control wpcf7-submit has-spinner btn btn-default\" type=\"submit\" value=\"Skicka\" \/>\n<\/p>\n<p><span id=\"wpcf7-69fa1ab951c31-wrapper\" class=\"wpcf7-form-control-wrap message-wrap\" style=\"display:none !important; visibility:hidden !important;\"><label for=\"wpcf7-69fa1ab951c31-field\" class=\"hp-message\">Please leave this field empty.<\/label><input id=\"wpcf7-69fa1ab951c31-field\"  class=\"wpcf7-form-control wpcf7-text\" type=\"text\" name=\"message\" value=\"\" size=\"40\" tabindex=\"-1\" autocomplete=\"new-password\" \/><\/span>\n<\/p>\n<p style=\"display: none !important;\" class=\"akismet-fields-container\" data-prefix=\"_wpcf7_ak_\"><label>&#916;<textarea name=\"_wpcf7_ak_hp_textarea\" cols=\"45\" rows=\"8\" maxlength=\"100\"><\/textarea><\/label><input type=\"hidden\" id=\"ak_js_1\" name=\"_wpcf7_ak_js\" value=\"86\"\/><script type=\"text\/javascript\">\n\/* <![CDATA[ *\/\ndocument.getElementById( \"ak_js_1\" ).setAttribute( \"value\", ( new Date() ).getTime() );\n\/* ]]> *\/\n<\/script>\n<\/p><div class=\"wpcf7-response-output\" aria-hidden=\"true\"><\/div>\n<\/form>\n<\/div>\n\n<\/div>\n<\/div>\n","protected":false},"excerpt":{"rendered":"<p>R\u00f6rsanering i budgeteringsskede? Mellanv\u00e4ggar som skall tas ner? H\u00e5ltagning i Vasa f\u00f6r VVS? SBS Team tar hand om detta &#8211; och mycket mer. Vi \u00e4r ett motiverat och ansvarsfullt g\u00e4ng som har v\u00e5r fokus p\u00e5 att verkligen l\u00f6sa problem. SBS Team har omfattande\u00a0erfarenhet av saneringar,\u00a0renoveringar och nybyggnationer. Vi har n\u00f6jda kunder runtom i Finland och &hellip; <a href=\"https:\/\/www.sbsteam.fi\/sv\/haltagning\/diamantborrning-haltagning-vasa\/\">Continued<\/a><\/p>\n","protected":false},"author":4,"featured_media":63,"parent":279,"menu_order":0,"comment_status":"closed","ping_status":"closed","template":"","meta":{"_acf_changed":false,"footnotes":""},"class_list":["post-2067","page","type-page","status-publish","has-post-thumbnail","hentry"],"acf":[],"yoast_head":"<!-- This site is optimized with the Yoast SEO plugin v24.4 - https:\/\/yoast.com\/wordpress\/plugins\/seo\/ -->\n<title>H\u00e5ltagning i Vasa - SBS Team Ab - Diamantborrning och diamants\u00e5gning<\/title>\n<meta name=\"description\" content=\"H\u00e5ltagning i Vasa? Vi tar hand om detta - och mycket mer. Vi har v\u00e5r fokus p\u00e5 att verkligen l\u00f6sa problem, vi \u00e4r motiverade och ansvarsfulla.\" \/>\n<meta name=\"robots\" content=\"index, follow, max-snippet:-1, max-image-preview:large, max-video-preview:-1\" \/>\n<link rel=\"canonical\" href=\"https:\/\/www.sbsteam.fi\/sv\/haltagning\/diamantborrning-haltagning-vasa\/\" \/>\n<meta property=\"og:locale\" content=\"sv_SE\" \/>\n<meta property=\"og:type\" content=\"article\" \/>\n<meta property=\"og:title\" content=\"H\u00e5ltagning i Vasa - SBS Team Ab - Diamantborrning och diamants\u00e5gning\" \/>\n<meta property=\"og:description\" content=\"H\u00e5ltagning i Vasa? Vi tar hand om detta - och mycket mer. Vi har v\u00e5r fokus p\u00e5 att verkligen l\u00f6sa problem, vi \u00e4r motiverade och ansvarsfulla.\" \/>\n<meta property=\"og:url\" content=\"https:\/\/www.sbsteam.fi\/sv\/haltagning\/diamantborrning-haltagning-vasa\/\" \/>\n<meta property=\"og:site_name\" content=\"SBS\" \/>\n<meta property=\"article:publisher\" content=\"https:\/\/www.facebook.com\/sbsteamab\" \/>\n<meta property=\"article:modified_time\" content=\"2016-12-27T19:31:41+00:00\" \/>\n<meta property=\"og:image\" content=\"https:\/\/www.sbsteam.fi\/wp-content\/uploads\/2015\/06\/SBS-Team-Ab-Timanttisahaus-Timanttiporaus-Hitsaus-100-e1437037707797.jpg\" \/>\n\t<meta property=\"og:image:width\" content=\"2800\" \/>\n\t<meta property=\"og:image:height\" content=\"1106\" \/>\n\t<meta property=\"og:image:type\" content=\"image\/jpeg\" \/>\n<meta name=\"twitter:card\" content=\"summary_large_image\" \/>\n<meta name=\"twitter:label1\" content=\"Est. reading time\" \/>\n\t<meta name=\"twitter:data1\" content=\"2 minutes\" \/>\n<script type=\"application\/ld+json\" class=\"yoast-schema-graph\">{\"@context\":\"https:\/\/schema.org\",\"@graph\":[{\"@type\":\"WebPage\",\"@id\":\"https:\/\/www.sbsteam.fi\/sv\/haltagning\/diamantborrning-haltagning-vasa\/\",\"url\":\"https:\/\/www.sbsteam.fi\/sv\/haltagning\/diamantborrning-haltagning-vasa\/\",\"name\":\"H\u00e5ltagning i Vasa - SBS Team Ab - Diamantborrning och diamants\u00e5gning\",\"isPartOf\":{\"@id\":\"https:\/\/www.sbsteam.fi\/#website\"},\"primaryImageOfPage\":{\"@id\":\"https:\/\/www.sbsteam.fi\/sv\/haltagning\/diamantborrning-haltagning-vasa\/#primaryimage\"},\"image\":{\"@id\":\"https:\/\/www.sbsteam.fi\/sv\/haltagning\/diamantborrning-haltagning-vasa\/#primaryimage\"},\"thumbnailUrl\":\"https:\/\/www.sbsteam.fi\/wp-content\/uploads\/2015\/06\/SBS-Team-Ab-Timanttisahaus-Timanttiporaus-Hitsaus-100-e1437037707797.jpg\",\"datePublished\":\"2016-12-14T08:09:35+00:00\",\"dateModified\":\"2016-12-27T19:31:41+00:00\",\"description\":\"H\u00e5ltagning i Vasa? Vi tar hand om detta - och mycket mer. Vi har v\u00e5r fokus p\u00e5 att verkligen l\u00f6sa problem, vi \u00e4r motiverade och ansvarsfulla.\",\"breadcrumb\":{\"@id\":\"https:\/\/www.sbsteam.fi\/sv\/haltagning\/diamantborrning-haltagning-vasa\/#breadcrumb\"},\"inLanguage\":\"sv-SE\",\"potentialAction\":[{\"@type\":\"ReadAction\",\"target\":[\"https:\/\/www.sbsteam.fi\/sv\/haltagning\/diamantborrning-haltagning-vasa\/\"]}]},{\"@type\":\"ImageObject\",\"inLanguage\":\"sv-SE\",\"@id\":\"https:\/\/www.sbsteam.fi\/sv\/haltagning\/diamantborrning-haltagning-vasa\/#primaryimage\",\"url\":\"https:\/\/www.sbsteam.fi\/wp-content\/uploads\/2015\/06\/SBS-Team-Ab-Timanttisahaus-Timanttiporaus-Hitsaus-100-e1437037707797.jpg\",\"contentUrl\":\"https:\/\/www.sbsteam.fi\/wp-content\/uploads\/2015\/06\/SBS-Team-Ab-Timanttisahaus-Timanttiporaus-Hitsaus-100-e1437037707797.jpg\",\"width\":2800,\"height\":1106,\"caption\":\"SBS Team Ab Vasa - Timanttisahaus - Timanttiporaus- Hitsaus-100\"},{\"@type\":\"BreadcrumbList\",\"@id\":\"https:\/\/www.sbsteam.fi\/sv\/haltagning\/diamantborrning-haltagning-vasa\/#breadcrumb\",\"itemListElement\":[{\"@type\":\"ListItem\",\"position\":1,\"name\":\"Home\",\"item\":\"https:\/\/www.sbsteam.fi\/sv\/haltagning\/\"},{\"@type\":\"ListItem\",\"position\":2,\"name\":\"SBS-Team\",\"item\":\"https:\/\/www.sbsteam.fi\/sv\/haltagning\/\"},{\"@type\":\"ListItem\",\"position\":3,\"name\":\"Diamants\u00e5gning och diamantborrning i Vasa\"}]},{\"@type\":\"WebSite\",\"@id\":\"https:\/\/www.sbsteam.fi\/#website\",\"url\":\"https:\/\/www.sbsteam.fi\/\",\"name\":\"SBS\",\"description\":\"Just another WordPress site\",\"potentialAction\":[{\"@type\":\"SearchAction\",\"target\":{\"@type\":\"EntryPoint\",\"urlTemplate\":\"https:\/\/www.sbsteam.fi\/?s={search_term_string}\"},\"query-input\":{\"@type\":\"PropertyValueSpecification\",\"valueRequired\":true,\"valueName\":\"search_term_string\"}}],\"inLanguage\":\"sv-SE\"}]}<\/script>\n<!-- \/ Yoast SEO plugin. -->","yoast_head_json":{"title":"H\u00e5ltagning i Vasa - SBS Team Ab - Diamantborrning och diamants\u00e5gning","description":"H\u00e5ltagning i Vasa? Vi tar hand om detta - och mycket mer. Vi har v\u00e5r fokus p\u00e5 att verkligen l\u00f6sa problem, vi \u00e4r motiverade och ansvarsfulla.","robots":{"index":"index","follow":"follow","max-snippet":"max-snippet:-1","max-image-preview":"max-image-preview:large","max-video-preview":"max-video-preview:-1"},"canonical":"https:\/\/www.sbsteam.fi\/sv\/haltagning\/diamantborrning-haltagning-vasa\/","og_locale":"sv_SE","og_type":"article","og_title":"H\u00e5ltagning i Vasa - SBS Team Ab - Diamantborrning och diamants\u00e5gning","og_description":"H\u00e5ltagning i Vasa? Vi tar hand om detta - och mycket mer. Vi har v\u00e5r fokus p\u00e5 att verkligen l\u00f6sa problem, vi \u00e4r motiverade och ansvarsfulla.","og_url":"https:\/\/www.sbsteam.fi\/sv\/haltagning\/diamantborrning-haltagning-vasa\/","og_site_name":"SBS","article_publisher":"https:\/\/www.facebook.com\/sbsteamab","article_modified_time":"2016-12-27T19:31:41+00:00","og_image":[{"width":2800,"height":1106,"url":"https:\/\/www.sbsteam.fi\/wp-content\/uploads\/2015\/06\/SBS-Team-Ab-Timanttisahaus-Timanttiporaus-Hitsaus-100-e1437037707797.jpg","type":"image\/jpeg"}],"twitter_card":"summary_large_image","twitter_misc":{"Est. reading time":"2 minutes"},"schema":{"@context":"https:\/\/schema.org","@graph":[{"@type":"WebPage","@id":"https:\/\/www.sbsteam.fi\/sv\/haltagning\/diamantborrning-haltagning-vasa\/","url":"https:\/\/www.sbsteam.fi\/sv\/haltagning\/diamantborrning-haltagning-vasa\/","name":"H\u00e5ltagning i Vasa - SBS Team Ab - Diamantborrning och diamants\u00e5gning","isPartOf":{"@id":"https:\/\/www.sbsteam.fi\/#website"},"primaryImageOfPage":{"@id":"https:\/\/www.sbsteam.fi\/sv\/haltagning\/diamantborrning-haltagning-vasa\/#primaryimage"},"image":{"@id":"https:\/\/www.sbsteam.fi\/sv\/haltagning\/diamantborrning-haltagning-vasa\/#primaryimage"},"thumbnailUrl":"https:\/\/www.sbsteam.fi\/wp-content\/uploads\/2015\/06\/SBS-Team-Ab-Timanttisahaus-Timanttiporaus-Hitsaus-100-e1437037707797.jpg","datePublished":"2016-12-14T08:09:35+00:00","dateModified":"2016-12-27T19:31:41+00:00","description":"H\u00e5ltagning i Vasa? Vi tar hand om detta - och mycket mer. Vi har v\u00e5r fokus p\u00e5 att verkligen l\u00f6sa problem, vi \u00e4r motiverade och ansvarsfulla.","breadcrumb":{"@id":"https:\/\/www.sbsteam.fi\/sv\/haltagning\/diamantborrning-haltagning-vasa\/#breadcrumb"},"inLanguage":"sv-SE","potentialAction":[{"@type":"ReadAction","target":["https:\/\/www.sbsteam.fi\/sv\/haltagning\/diamantborrning-haltagning-vasa\/"]}]},{"@type":"ImageObject","inLanguage":"sv-SE","@id":"https:\/\/www.sbsteam.fi\/sv\/haltagning\/diamantborrning-haltagning-vasa\/#primaryimage","url":"https:\/\/www.sbsteam.fi\/wp-content\/uploads\/2015\/06\/SBS-Team-Ab-Timanttisahaus-Timanttiporaus-Hitsaus-100-e1437037707797.jpg","contentUrl":"https:\/\/www.sbsteam.fi\/wp-content\/uploads\/2015\/06\/SBS-Team-Ab-Timanttisahaus-Timanttiporaus-Hitsaus-100-e1437037707797.jpg","width":2800,"height":1106,"caption":"SBS Team Ab Vasa - Timanttisahaus - Timanttiporaus- Hitsaus-100"},{"@type":"BreadcrumbList","@id":"https:\/\/www.sbsteam.fi\/sv\/haltagning\/diamantborrning-haltagning-vasa\/#breadcrumb","itemListElement":[{"@type":"ListItem","position":1,"name":"Home","item":"https:\/\/www.sbsteam.fi\/sv\/haltagning\/"},{"@type":"ListItem","position":2,"name":"SBS-Team","item":"https:\/\/www.sbsteam.fi\/sv\/haltagning\/"},{"@type":"ListItem","position":3,"name":"Diamants\u00e5gning och diamantborrning i Vasa"}]},{"@type":"WebSite","@id":"https:\/\/www.sbsteam.fi\/#website","url":"https:\/\/www.sbsteam.fi\/","name":"SBS","description":"Just another WordPress site","potentialAction":[{"@type":"SearchAction","target":{"@type":"EntryPoint","urlTemplate":"https:\/\/www.sbsteam.fi\/?s={search_term_string}"},"query-input":{"@type":"PropertyValueSpecification","valueRequired":true,"valueName":"search_term_string"}}],"inLanguage":"sv-SE"}]}},"jetpack_shortlink":"https:\/\/wp.me\/P70pQC-xl","jetpack_sharing_enabled":true,"_links":{"self":[{"href":"https:\/\/www.sbsteam.fi\/sv\/wp-json\/wp\/v2\/pages\/2067","targetHints":{"allow":["GET"]}}],"collection":[{"href":"https:\/\/www.sbsteam.fi\/sv\/wp-json\/wp\/v2\/pages"}],"about":[{"href":"https:\/\/www.sbsteam.fi\/sv\/wp-json\/wp\/v2\/types\/page"}],"author":[{"embeddable":true,"href":"https:\/\/www.sbsteam.fi\/sv\/wp-json\/wp\/v2\/users\/4"}],"replies":[{"embeddable":true,"href":"https:\/\/www.sbsteam.fi\/sv\/wp-json\/wp\/v2\/comments?post=2067"}],"version-history":[{"count":17,"href":"https:\/\/www.sbsteam.fi\/sv\/wp-json\/wp\/v2\/pages\/2067\/revisions"}],"predecessor-version":[{"id":2235,"href":"https:\/\/www.sbsteam.fi\/sv\/wp-json\/wp\/v2\/pages\/2067\/revisions\/2235"}],"up":[{"embeddable":true,"href":"https:\/\/www.sbsteam.fi\/sv\/wp-json\/wp\/v2\/pages\/279"}],"wp:featuredmedia":[{"embeddable":true,"href":"https:\/\/www.sbsteam.fi\/sv\/wp-json\/wp\/v2\/media\/63"}],"wp:attachment":[{"href":"https:\/\/www.sbsteam.fi\/sv\/wp-json\/wp\/v2\/media?parent=2067"}],"curies":[{"name":"wp","href":"https:\/\/api.w.org\/{rel}","templated":true}]}}