{"id":2057,"date":"2016-12-12T07:01:34","date_gmt":"2016-12-12T07:01:34","guid":{"rendered":"https:\/\/www.sbsteam.fi\/sv\/?page_id=2057"},"modified":"2025-12-09T15:27:02","modified_gmt":"2025-12-09T13:27:02","slug":"diamantsagning","status":"publish","type":"page","link":"https:\/\/www.sbsteam.fi\/sv\/tjanster\/diamantsagning\/","title":{"rendered":"Diamants\u00e5gning"},"content":{"rendered":"<div  class=\"tatsu-i84yqmqhi1cazsky tatsu-section  tatsu-bg-overlay   tatsu-clearfix\" data-title=\"\"  data-headerscheme=\"background--dark\"><div class='tatsu-section-pad clearfix' data-padding='{\"d\":\"90px 0px 15px 0px\"}' data-padding-top='90px'><div class=\"tatsu-row-wrap  tatsu-wrap tatsu-row-one-col tatsu-row-has-one-cols tatsu-medium-gutter tatsu-reg-cols  tatsu-clearfix tatsu-i84yqmqhjsku08r\" ><div  class=\"tatsu-row \" ><div  class=\"tatsu-column  tatsu-bg-overlay tatsu-one-col tatsu-column-image-none tatsu-column-effect-none  tatsu-i84yqmqhlc74je0l\"  data-parallax-speed=\"0\" style=\"\"><div class=\"tatsu-column-inner \" ><div class=\"tatsu-column-pad-wrap\"><div class=\"tatsu-column-pad\" ><div  class=\"tatsu-module tatsu-text-block-wrap tatsu-i84yqmqhmp8zh6py  \"><div class=\"tatsu-text-inner tatsu-align-center  clearfix\" ><style>.tatsu-i84yqmqhmp8zh6py.tatsu-text-block-wrap .tatsu-text-inner{width: 100%;text-align: left;}<\/style>\n<div class=\"row\">\n<div class=\"col-md-6\">\n<p>Diamants\u00e5gning kommer v\u00e4l till pass n\u00e4r det finns behov av att g\u00f6ra \u00f6ppningar f\u00f6r till exempel f\u00f6nster, d\u00f6rrar eller ventilationsdragningar. \u00a0Vid h\u00e5ltagning av st\u00f6rre h\u00e5l av det h\u00e4r slaget anv\u00e4nder vi ett cirkul\u00e4rt s\u00e5gblad p\u00e5 en r\u00e4lsmonterad maskin. R\u00e4lsen \u00e4r inf\u00e4st p\u00e5 lodr\u00e4ta v\u00e4ggar, branta lutningar eller golv som inte till\u00e5ter anv\u00e4ndandet av golvs\u00e5g. V\u00e4gg eller sp\u00e5rsk\u00e4rning anv\u00e4nds oftast till att sk\u00e4ra ut noggrant angivna dimensioner p\u00e5 d\u00f6rr\u00f6ppningar, ventilations- och f\u00f6nster- \u00f6ppningar. Med v\u00e5ra v\u00e4ggs\u00e5gar kan man f\u00f6rutom att f\u00e5 helt raka sk\u00e4r \u00e4ven s\u00e5ga i olika vinklar vid behov. Diamants\u00e5gning \u00e4r precis som diamantborren ocks\u00e5 ett utm\u00e4rkt val f\u00f6r att skapa noggranna \u00f6ppningar i alla betongkonstruktioner. Med v\u00e5ra diamants\u00e5gar kan vi g\u00f6ra sk\u00e4r p\u00e5 upp till 74 cm djup.<\/p>\n<h3>S\u00e4ker diamants\u00e5gning<\/h3>\n<p>Med v\u00e5ra moderna vattenkylda diamantverktyg kan vi g\u00f6ra v\u00e5ra arbetsuppgifter med minimal dammbildning. Detta \u00e4r speciellt viktigt n\u00e4r den \u00f6vriga verksamheten i omr\u00e5det m\u00e5ste forts\u00e4tta. Det \u00e4r \u00e4ven mycket positivt ur ett h\u00e4lsoperspektiv, d\u00e5 stendamm inte \u00e4r h\u00e4lsosamt att andas in. F\u00f6rutom allt detta kr\u00e4vs ocks\u00e5 mindre st\u00e4dning efter att sj\u00e4lva jobbet med h\u00e5ltagningen \u00e4r utf\u00f6rt.<\/p>\n<h3>V\u00e5ra tj\u00e4nster<\/h3>\n<p>Vi p\u00e5 SBS Team erbjuder v\u00e5ra tj\u00e4nster f\u00f6r diamants\u00e5gning \u00f6ver hela Skandinavien, och vi har redan ett stort antal n\u00f6jda kunder s\u00e5 v\u00e4l Finland som Sverige. V\u00e5r personal har erfarenhet av de flesta typer av byggnadsarbeten och projekt. Detta g\u00f6r att vi kan vara med och delta i planeringen av projektet, f\u00f6r att se till att processen kommer g\u00e5 smidigt och r\u00e4tt till.<\/p>\n<\/div>\n<div class=\"col-md-6\"><img loading=\"lazy\" decoding=\"async\" class=\"alignnone size-medium wp-image-159\" src=\"https:\/\/www.sbsteam.fi\/wp-content\/uploads\/2015\/06\/front1-585x198.jpg\" alt=\"Timanttisahaus ja Timanttiporauspalvelut - Sbs team ab diamants\u00e5gning h\u00e5ltagning\" width=\"585\" height=\"198\" srcset=\"https:\/\/www.sbsteam.fi\/wp-content\/uploads\/2015\/06\/front1-585x198.jpg 585w, https:\/\/www.sbsteam.fi\/wp-content\/uploads\/2015\/06\/front1-1170x396.jpg 1170w, https:\/\/www.sbsteam.fi\/wp-content\/uploads\/2015\/06\/front1.jpg 1920w\" sizes=\"auto, (max-width: 585px) 100vw, 585px\" \/><\/p>\n<h3>Ta kontakt!<\/h3>\n<\/div>\n<\/div>\n<\/div><\/div><\/div><\/div><div class = \"tatsu-column-bg-image-wrap\"><div class = \"tatsu-column-bg-image\" ><\/div><\/div><div class=\"tatsu-overlay tatsu-column-overlay tatsu-animate-none\" ><\/div><\/div><style>.tatsu-row > .tatsu-i84yqmqhlc74je0l.tatsu-column{width: 100%;}.tatsu-i84yqmqhlc74je0l.tatsu-column > .tatsu-column-inner > .tatsu-column-overlay{mix-blend-mode: normal;}.tatsu-i84yqmqhlc74je0l > .tatsu-column-inner > .tatsu-top-divider{z-index: 9999;}.tatsu-i84yqmqhlc74je0l > .tatsu-column-inner > .tatsu-bottom-divider{z-index: 9999;}.tatsu-i84yqmqhlc74je0l > .tatsu-column-inner > .tatsu-left-divider{z-index: 9999;}.tatsu-i84yqmqhlc74je0l > .tatsu-column-inner > .tatsu-right-divider{z-index: 9999;}<\/style><\/div><\/div><\/div><\/div><div class=\"tatsu-section-background-wrap\"><div class = \"tatsu-section-background\" ><\/div><\/div><div class=\"tatsu-overlay tatsu-section-overlay\"><\/div><style>.tatsu-i84yqmqhi1cazsky .tatsu-section-pad{padding: 90px 0px 15px 0px;}.tatsu-i84yqmqhi1cazsky > .tatsu-bottom-divider{z-index: 9999;}.tatsu-i84yqmqhi1cazsky > .tatsu-top-divider{z-index: 9999;}.tatsu-i84yqmqhi1cazsky .tatsu-section-overlay{mix-blend-mode: normal;}<\/style><\/div><p class=\"gform_not_found\">Oops! We could not locate your form.<\/p><div  class=\"tatsu-i84yqmqsdtg53xgy tatsu-section  tatsu-bg-overlay   tatsu-clearfix\" data-title=\"\"  data-headerscheme=\"background--dark\"><div class='tatsu-section-pad clearfix' data-padding='{\"d\":\"15px 0px 90px 0px\"}' data-padding-top='15px'><div class=\"tatsu-row-wrap  tatsu-wrap tatsu-row-one-col tatsu-row-has-one-cols tatsu-medium-gutter tatsu-reg-cols  tatsu-clearfix tatsu-i84yqmqsflf2madd\" ><div  class=\"tatsu-row \" ><div  class=\"tatsu-column  tatsu-bg-overlay tatsu-one-col tatsu-column-image-none tatsu-column-effect-none  tatsu-i84yqmqsh18sn2k0\"  data-parallax-speed=\"0\" style=\"\"><div class=\"tatsu-column-inner \" ><div class=\"tatsu-column-pad-wrap\"><div class=\"tatsu-column-pad\" ><div  class=\"tatsu-module tatsu-text-block-wrap tatsu-i84yqmqskrci5t97  \"><div class=\"tatsu-text-inner tatsu-align-center  clearfix\" ><style>.tatsu-i84yqmqskrci5t97.tatsu-text-block-wrap .tatsu-text-inner{width: 100%;text-align: left;}<\/style><\/div>\n<\/div>\n<\/div><\/div><\/div><\/div><div class = \"tatsu-column-bg-image-wrap\"><div class = \"tatsu-column-bg-image\" ><\/div><\/div><div class=\"tatsu-overlay tatsu-column-overlay tatsu-animate-none\" ><\/div><\/div><style>.tatsu-row > .tatsu-i84yqmqsh18sn2k0.tatsu-column{width: 100%;}.tatsu-i84yqmqsh18sn2k0.tatsu-column > .tatsu-column-inner > .tatsu-column-overlay{mix-blend-mode: normal;}.tatsu-i84yqmqsh18sn2k0 > .tatsu-column-inner > .tatsu-top-divider{z-index: 9999;}.tatsu-i84yqmqsh18sn2k0 > .tatsu-column-inner > .tatsu-bottom-divider{z-index: 9999;}.tatsu-i84yqmqsh18sn2k0 > .tatsu-column-inner > .tatsu-left-divider{z-index: 9999;}.tatsu-i84yqmqsh18sn2k0 > .tatsu-column-inner > .tatsu-right-divider{z-index: 9999;}<\/style><\/div><\/div><\/div><\/div><div class=\"tatsu-section-background-wrap\"><div class = \"tatsu-section-background\" ><\/div><\/div><div class=\"tatsu-overlay tatsu-section-overlay\"><\/div><style>.tatsu-i84yqmqsdtg53xgy .tatsu-section-pad{padding: 15px 0px 90px 0px;}.tatsu-i84yqmqsdtg53xgy > .tatsu-bottom-divider{z-index: 9999;}.tatsu-i84yqmqsdtg53xgy > .tatsu-top-divider{z-index: 9999;}.tatsu-i84yqmqsdtg53xgy .tatsu-section-overlay{mix-blend-mode: normal;}<\/style><\/div>\n","protected":false},"excerpt":{"rendered":"","protected":false},"author":4,"featured_media":159,"parent":406,"menu_order":0,"comment_status":"closed","ping_status":"closed","template":"","meta":{"_acf_changed":false,"footnotes":""},"class_list":["post-2057","page","type-page","status-publish","has-post-thumbnail","hentry"],"acf":[],"yoast_head":"<!-- This site is optimized with the Yoast SEO plugin v24.4 - https:\/\/yoast.com\/wordpress\/plugins\/seo\/ -->\n<title>Professionell Diamants\u00e5gning och H\u00e5ltagning - SBS Team Ab<\/title>\n<meta name=\"description\" content=\"Diamants\u00e5gning \u00e4r det b\u00e4sta valet vid h\u00e5ltagning i betong och andra stenmaterial. Vi g\u00f6r h\u00e5l f\u00f6r d\u00f6rrar, f\u00f6nster, ventilation med mera. Beg\u00e4r offert idag!\" \/>\n<meta name=\"robots\" content=\"index, follow, max-snippet:-1, max-image-preview:large, max-video-preview:-1\" \/>\n<link rel=\"canonical\" href=\"https:\/\/www.sbsteam.fi\/sv\/tjanster\/diamantsagning\/\" \/>\n<meta property=\"og:locale\" content=\"sv_SE\" \/>\n<meta property=\"og:type\" content=\"article\" \/>\n<meta property=\"og:title\" content=\"Professionell Diamants\u00e5gning och H\u00e5ltagning - SBS Team Ab\" \/>\n<meta property=\"og:description\" content=\"Diamants\u00e5gning \u00e4r det b\u00e4sta valet vid h\u00e5ltagning i betong och andra stenmaterial. Vi g\u00f6r h\u00e5l f\u00f6r d\u00f6rrar, f\u00f6nster, ventilation med mera. Beg\u00e4r offert idag!\" \/>\n<meta property=\"og:url\" content=\"https:\/\/www.sbsteam.fi\/sv\/tjanster\/diamantsagning\/\" \/>\n<meta property=\"og:site_name\" content=\"SBS\" \/>\n<meta property=\"article:publisher\" content=\"https:\/\/www.facebook.com\/sbsteamab\" \/>\n<meta property=\"article:modified_time\" content=\"2025-12-09T13:27:02+00:00\" \/>\n<meta property=\"og:image\" content=\"https:\/\/www.sbsteam.fi\/wp-content\/uploads\/2015\/06\/front1.jpg\" \/>\n\t<meta property=\"og:image:width\" content=\"1920\" \/>\n\t<meta property=\"og:image:height\" content=\"650\" \/>\n\t<meta property=\"og:image:type\" content=\"image\/jpeg\" \/>\n<meta name=\"twitter:card\" content=\"summary_large_image\" \/>\n<meta name=\"twitter:label1\" content=\"Est. reading time\" \/>\n\t<meta name=\"twitter:data1\" content=\"8 minutes\" \/>\n<script type=\"application\/ld+json\" class=\"yoast-schema-graph\">{\"@context\":\"https:\/\/schema.org\",\"@graph\":[{\"@type\":\"WebPage\",\"@id\":\"https:\/\/www.sbsteam.fi\/sv\/tjanster\/diamantsagning\/\",\"url\":\"https:\/\/www.sbsteam.fi\/sv\/tjanster\/diamantsagning\/\",\"name\":\"Professionell Diamants\u00e5gning och H\u00e5ltagning - SBS Team Ab\",\"isPartOf\":{\"@id\":\"https:\/\/www.sbsteam.fi\/#website\"},\"primaryImageOfPage\":{\"@id\":\"https:\/\/www.sbsteam.fi\/sv\/tjanster\/diamantsagning\/#primaryimage\"},\"image\":{\"@id\":\"https:\/\/www.sbsteam.fi\/sv\/tjanster\/diamantsagning\/#primaryimage\"},\"thumbnailUrl\":\"https:\/\/www.sbsteam.fi\/wp-content\/uploads\/2015\/06\/front1.jpg\",\"datePublished\":\"2016-12-12T07:01:34+00:00\",\"dateModified\":\"2025-12-09T13:27:02+00:00\",\"description\":\"Diamants\u00e5gning \u00e4r det b\u00e4sta valet vid h\u00e5ltagning i betong och andra stenmaterial. Vi g\u00f6r h\u00e5l f\u00f6r d\u00f6rrar, f\u00f6nster, ventilation med mera. Beg\u00e4r offert idag!\",\"breadcrumb\":{\"@id\":\"https:\/\/www.sbsteam.fi\/sv\/tjanster\/diamantsagning\/#breadcrumb\"},\"inLanguage\":\"sv-SE\",\"potentialAction\":[{\"@type\":\"ReadAction\",\"target\":[\"https:\/\/www.sbsteam.fi\/sv\/tjanster\/diamantsagning\/\"]}]},{\"@type\":\"ImageObject\",\"inLanguage\":\"sv-SE\",\"@id\":\"https:\/\/www.sbsteam.fi\/sv\/tjanster\/diamantsagning\/#primaryimage\",\"url\":\"https:\/\/www.sbsteam.fi\/wp-content\/uploads\/2015\/06\/front1.jpg\",\"contentUrl\":\"https:\/\/www.sbsteam.fi\/wp-content\/uploads\/2015\/06\/front1.jpg\",\"width\":1920,\"height\":650,\"caption\":\"Timanttisahaus ja Timanttiporauspalvelut - Sbs team ab diamants\u00e5gning h\u00e5ltagning\"},{\"@type\":\"BreadcrumbList\",\"@id\":\"https:\/\/www.sbsteam.fi\/sv\/tjanster\/diamantsagning\/#breadcrumb\",\"itemListElement\":[{\"@type\":\"ListItem\",\"position\":1,\"name\":\"Home\",\"item\":\"https:\/\/www.sbsteam.fi\/sv\/haltagning\/\"},{\"@type\":\"ListItem\",\"position\":2,\"name\":\"Tj\u00e4nster\",\"item\":\"https:\/\/www.sbsteam.fi\/sv\/tjanster\/\"},{\"@type\":\"ListItem\",\"position\":3,\"name\":\"Diamants\u00e5gning\"}]},{\"@type\":\"WebSite\",\"@id\":\"https:\/\/www.sbsteam.fi\/#website\",\"url\":\"https:\/\/www.sbsteam.fi\/\",\"name\":\"SBS\",\"description\":\"Just another WordPress site\",\"potentialAction\":[{\"@type\":\"SearchAction\",\"target\":{\"@type\":\"EntryPoint\",\"urlTemplate\":\"https:\/\/www.sbsteam.fi\/?s={search_term_string}\"},\"query-input\":{\"@type\":\"PropertyValueSpecification\",\"valueRequired\":true,\"valueName\":\"search_term_string\"}}],\"inLanguage\":\"sv-SE\"}]}<\/script>\n<!-- \/ Yoast SEO plugin. -->","yoast_head_json":{"title":"Professionell Diamants\u00e5gning och H\u00e5ltagning - SBS Team Ab","description":"Diamants\u00e5gning \u00e4r det b\u00e4sta valet vid h\u00e5ltagning i betong och andra stenmaterial. Vi g\u00f6r h\u00e5l f\u00f6r d\u00f6rrar, f\u00f6nster, ventilation med mera. Beg\u00e4r offert idag!","robots":{"index":"index","follow":"follow","max-snippet":"max-snippet:-1","max-image-preview":"max-image-preview:large","max-video-preview":"max-video-preview:-1"},"canonical":"https:\/\/www.sbsteam.fi\/sv\/tjanster\/diamantsagning\/","og_locale":"sv_SE","og_type":"article","og_title":"Professionell Diamants\u00e5gning och H\u00e5ltagning - SBS Team Ab","og_description":"Diamants\u00e5gning \u00e4r det b\u00e4sta valet vid h\u00e5ltagning i betong och andra stenmaterial. Vi g\u00f6r h\u00e5l f\u00f6r d\u00f6rrar, f\u00f6nster, ventilation med mera. Beg\u00e4r offert idag!","og_url":"https:\/\/www.sbsteam.fi\/sv\/tjanster\/diamantsagning\/","og_site_name":"SBS","article_publisher":"https:\/\/www.facebook.com\/sbsteamab","article_modified_time":"2025-12-09T13:27:02+00:00","og_image":[{"width":1920,"height":650,"url":"https:\/\/www.sbsteam.fi\/wp-content\/uploads\/2015\/06\/front1.jpg","type":"image\/jpeg"}],"twitter_card":"summary_large_image","twitter_misc":{"Est. reading time":"8 minutes"},"schema":{"@context":"https:\/\/schema.org","@graph":[{"@type":"WebPage","@id":"https:\/\/www.sbsteam.fi\/sv\/tjanster\/diamantsagning\/","url":"https:\/\/www.sbsteam.fi\/sv\/tjanster\/diamantsagning\/","name":"Professionell Diamants\u00e5gning och H\u00e5ltagning - SBS Team Ab","isPartOf":{"@id":"https:\/\/www.sbsteam.fi\/#website"},"primaryImageOfPage":{"@id":"https:\/\/www.sbsteam.fi\/sv\/tjanster\/diamantsagning\/#primaryimage"},"image":{"@id":"https:\/\/www.sbsteam.fi\/sv\/tjanster\/diamantsagning\/#primaryimage"},"thumbnailUrl":"https:\/\/www.sbsteam.fi\/wp-content\/uploads\/2015\/06\/front1.jpg","datePublished":"2016-12-12T07:01:34+00:00","dateModified":"2025-12-09T13:27:02+00:00","description":"Diamants\u00e5gning \u00e4r det b\u00e4sta valet vid h\u00e5ltagning i betong och andra stenmaterial. Vi g\u00f6r h\u00e5l f\u00f6r d\u00f6rrar, f\u00f6nster, ventilation med mera. Beg\u00e4r offert idag!","breadcrumb":{"@id":"https:\/\/www.sbsteam.fi\/sv\/tjanster\/diamantsagning\/#breadcrumb"},"inLanguage":"sv-SE","potentialAction":[{"@type":"ReadAction","target":["https:\/\/www.sbsteam.fi\/sv\/tjanster\/diamantsagning\/"]}]},{"@type":"ImageObject","inLanguage":"sv-SE","@id":"https:\/\/www.sbsteam.fi\/sv\/tjanster\/diamantsagning\/#primaryimage","url":"https:\/\/www.sbsteam.fi\/wp-content\/uploads\/2015\/06\/front1.jpg","contentUrl":"https:\/\/www.sbsteam.fi\/wp-content\/uploads\/2015\/06\/front1.jpg","width":1920,"height":650,"caption":"Timanttisahaus ja Timanttiporauspalvelut - Sbs team ab diamants\u00e5gning h\u00e5ltagning"},{"@type":"BreadcrumbList","@id":"https:\/\/www.sbsteam.fi\/sv\/tjanster\/diamantsagning\/#breadcrumb","itemListElement":[{"@type":"ListItem","position":1,"name":"Home","item":"https:\/\/www.sbsteam.fi\/sv\/haltagning\/"},{"@type":"ListItem","position":2,"name":"Tj\u00e4nster","item":"https:\/\/www.sbsteam.fi\/sv\/tjanster\/"},{"@type":"ListItem","position":3,"name":"Diamants\u00e5gning"}]},{"@type":"WebSite","@id":"https:\/\/www.sbsteam.fi\/#website","url":"https:\/\/www.sbsteam.fi\/","name":"SBS","description":"Just another WordPress site","potentialAction":[{"@type":"SearchAction","target":{"@type":"EntryPoint","urlTemplate":"https:\/\/www.sbsteam.fi\/?s={search_term_string}"},"query-input":{"@type":"PropertyValueSpecification","valueRequired":true,"valueName":"search_term_string"}}],"inLanguage":"sv-SE"}]}},"jetpack_shortlink":"https:\/\/wp.me\/P70pQC-xb","jetpack_sharing_enabled":true,"_links":{"self":[{"href":"https:\/\/www.sbsteam.fi\/sv\/wp-json\/wp\/v2\/pages\/2057","targetHints":{"allow":["GET"]}}],"collection":[{"href":"https:\/\/www.sbsteam.fi\/sv\/wp-json\/wp\/v2\/pages"}],"about":[{"href":"https:\/\/www.sbsteam.fi\/sv\/wp-json\/wp\/v2\/types\/page"}],"author":[{"embeddable":true,"href":"https:\/\/www.sbsteam.fi\/sv\/wp-json\/wp\/v2\/users\/4"}],"replies":[{"embeddable":true,"href":"https:\/\/www.sbsteam.fi\/sv\/wp-json\/wp\/v2\/comments?post=2057"}],"version-history":[{"count":26,"href":"https:\/\/www.sbsteam.fi\/sv\/wp-json\/wp\/v2\/pages\/2057\/revisions"}],"predecessor-version":[{"id":3320,"href":"https:\/\/www.sbsteam.fi\/sv\/wp-json\/wp\/v2\/pages\/2057\/revisions\/3320"}],"up":[{"embeddable":true,"href":"https:\/\/www.sbsteam.fi\/sv\/wp-json\/wp\/v2\/pages\/406"}],"wp:featuredmedia":[{"embeddable":true,"href":"https:\/\/www.sbsteam.fi\/sv\/wp-json\/wp\/v2\/media\/159"}],"wp:attachment":[{"href":"https:\/\/www.sbsteam.fi\/sv\/wp-json\/wp\/v2\/media?parent=2057"}],"curies":[{"name":"wp","href":"https:\/\/api.w.org\/{rel}","templated":true}]}}